{"id":4391,"date":"2019-10-24T15:44:58","date_gmt":"2019-10-24T13:44:58","guid":{"rendered":"https:\/\/croce-associes.ch\/?page_id=4391"},"modified":"2024-02-29T09:13:03","modified_gmt":"2024-02-29T08:13:03","slug":"roberto-gilardino","status":"publish","type":"page","link":"https:\/\/croce-associes.ch\/it\/roberto-gilardino\/","title":{"rendered":"Roberto GILARDINO"},"content":{"rendered":"\t\t<div data-elementor-type=\"wp-post\" data-elementor-id=\"4391\" class=\"elementor elementor-4391 elementor-850\" data-elementor-post-type=\"page\">\n\t\t\t\t\t\t<section class=\"elementor-section elementor-top-section elementor-element elementor-element-86f37b1 elementor-section-full_width elementor-section-height-default elementor-section-height-default\" data-id=\"86f37b1\" data-element_type=\"section\" data-e-type=\"section\" data-settings=\"{&quot;background_background&quot;:&quot;classic&quot;}\">\n\t\t\t\t\t\t<div class=\"elementor-container elementor-column-gap-no\">\n\t\t\t\t\t<div class=\"elementor-column elementor-col-100 elementor-top-column elementor-element elementor-element-4f4bbd7\" data-id=\"4f4bbd7\" data-element_type=\"column\" data-e-type=\"column\">\n\t\t\t<div class=\"elementor-widget-wrap elementor-element-populated\">\n\t\t\t\t\t\t<div class=\"elementor-element elementor-element-60a9675 elementor-widget elementor-widget-spacer\" data-id=\"60a9675\" data-element_type=\"widget\" data-e-type=\"widget\" data-widget_type=\"spacer.default\">\n\t\t\t\t<div class=\"elementor-widget-container\">\n\t\t\t\t\t\t\t<div class=\"elementor-spacer\">\n\t\t\t<div class=\"elementor-spacer-inner\"><\/div>\n\t\t<\/div>\n\t\t\t\t\t\t<\/div>\n\t\t\t\t<\/div>\n\t\t\t\t<section class=\"elementor-section elementor-inner-section elementor-element elementor-element-35ef763 elementor-section-boxed elementor-section-height-default elementor-section-height-default\" data-id=\"35ef763\" data-element_type=\"section\" data-e-type=\"section\">\n\t\t\t\t\t\t<div class=\"elementor-container elementor-column-gap-default\">\n\t\t\t\t\t<div class=\"elementor-column elementor-col-100 elementor-inner-column elementor-element elementor-element-d93b191\" data-id=\"d93b191\" data-element_type=\"column\" data-e-type=\"column\">\n\t\t\t<div class=\"elementor-widget-wrap elementor-element-populated\">\n\t\t\t\t\t\t<div class=\"elementor-element elementor-element-46057f5 elementor-widget elementor-widget-theme-post-title elementor-page-title elementor-widget-heading\" data-id=\"46057f5\" data-element_type=\"widget\" data-e-type=\"widget\" data-widget_type=\"theme-post-title.default\">\n\t\t\t\t<div class=\"elementor-widget-container\">\n\t\t\t\t\t<h1 class=\"elementor-heading-title elementor-size-default\">Roberto GILARDINO<\/h1>\t\t\t\t<\/div>\n\t\t\t\t<\/div>\n\t\t\t\t\t<\/div>\n\t\t<\/div>\n\t\t\t\t\t<\/div>\n\t\t<\/section>\n\t\t\t\t<div class=\"elementor-element elementor-element-88f6f22 elementor-widget elementor-widget-spacer\" data-id=\"88f6f22\" data-element_type=\"widget\" data-e-type=\"widget\" data-widget_type=\"spacer.default\">\n\t\t\t\t<div class=\"elementor-widget-container\">\n\t\t\t\t\t\t\t<div class=\"elementor-spacer\">\n\t\t\t<div class=\"elementor-spacer-inner\"><\/div>\n\t\t<\/div>\n\t\t\t\t\t\t<\/div>\n\t\t\t\t<\/div>\n\t\t\t\t\t<\/div>\n\t\t<\/div>\n\t\t\t\t\t<\/div>\n\t\t<\/section>\n\t\t\t\t<section class=\"elementor-section elementor-top-section elementor-element elementor-element-532e3bf elementor-section-boxed elementor-section-height-default elementor-section-height-default\" data-id=\"532e3bf\" data-element_type=\"section\" data-e-type=\"section\">\n\t\t\t\t\t\t<div class=\"elementor-container elementor-column-gap-default\">\n\t\t\t\t\t<div class=\"elementor-column elementor-col-100 elementor-top-column elementor-element elementor-element-da707d5\" data-id=\"da707d5\" data-element_type=\"column\" data-e-type=\"column\">\n\t\t\t<div class=\"elementor-widget-wrap elementor-element-populated\">\n\t\t\t\t\t\t<div class=\"elementor-element elementor-element-91dc203 elementor-widget elementor-widget-spacer\" data-id=\"91dc203\" data-element_type=\"widget\" data-e-type=\"widget\" data-widget_type=\"spacer.default\">\n\t\t\t\t<div class=\"elementor-widget-container\">\n\t\t\t\t\t\t\t<div class=\"elementor-spacer\">\n\t\t\t<div class=\"elementor-spacer-inner\"><\/div>\n\t\t<\/div>\n\t\t\t\t\t\t<\/div>\n\t\t\t\t<\/div>\n\t\t\t\t\t<\/div>\n\t\t<\/div>\n\t\t\t\t\t<\/div>\n\t\t<\/section>\n\t\t\t\t<section class=\"elementor-section elementor-top-section elementor-element elementor-element-80dc193 elementor-section-boxed elementor-section-height-default elementor-section-height-default\" data-id=\"80dc193\" data-element_type=\"section\" data-e-type=\"section\">\n\t\t\t\t\t\t<div class=\"elementor-container elementor-column-gap-default\">\n\t\t\t\t\t<div class=\"elementor-column elementor-col-33 elementor-top-column elementor-element elementor-element-37d1e0b\" data-id=\"37d1e0b\" data-element_type=\"column\" data-e-type=\"column\">\n\t\t\t<div class=\"elementor-widget-wrap elementor-element-populated\">\n\t\t\t\t\t\t<div class=\"elementor-element elementor-element-345dd10 elementor-widget elementor-widget-image\" data-id=\"345dd10\" data-element_type=\"widget\" data-e-type=\"widget\" data-widget_type=\"image.default\">\n\t\t\t\t<div class=\"elementor-widget-container\">\n\t\t\t\t\t\t\t\t\t\t\t\t\t\t\t<img fetchpriority=\"high\" decoding=\"async\" width=\"800\" height=\"1024\" src=\"https:\/\/croce-associes.ch\/wp-content\/uploads\/2019\/04\/Roberto-Gilardino_1024x768.jpg\" class=\"attachment-full size-full wp-image-1558\" alt=\"Roberto GILARDINO est un avocat polyglotte parlant le mandarin, l\u2019anglais, le japonais et l\u2019italien.\" srcset=\"https:\/\/croce-associes.ch\/wp-content\/uploads\/2019\/04\/Roberto-Gilardino_1024x768.jpg 800w, https:\/\/croce-associes.ch\/wp-content\/uploads\/2019\/04\/Roberto-Gilardino_1024x768-234x300.jpg 234w, https:\/\/croce-associes.ch\/wp-content\/uploads\/2019\/04\/Roberto-Gilardino_1024x768-768x983.jpg 768w\" sizes=\"(max-width: 800px) 100vw, 800px\" \/>\t\t\t\t\t\t\t\t\t\t\t\t\t\t\t<\/div>\n\t\t\t\t<\/div>\n\t\t\t\t<div class=\"elementor-element elementor-element-07a1000 elementor-widget elementor-widget-text-editor\" data-id=\"07a1000\" data-element_type=\"widget\" data-e-type=\"widget\" data-widget_type=\"text-editor.default\">\n\t\t\t\t<div class=\"elementor-widget-container\">\n\t\t\t\t\t\t\t\t\t<div class=\"details-avocat\">\n<h3>Dettagli<\/h3>\n<div class=\"details-avocat-ligne\"><span class=\"details-avocat-title\">Biglietto di visita<\/span><span class=\"details-avocat-data\"><a href=\"\/contacts\/CRO_Contact_RGI.vcf\">T\u00e9l\u00e9charger<\/a><\/span><\/div>\n<div class=\"details-avocat-ligne\"><span class=\"details-avocat-title\">E-mail<\/span><span class=\"details-avocat-data\"><a href=\"mailto:r.gilardino@croce-associes.com\">r.gilardino@croce-associes.com<\/a><\/span><\/div>\n<\/div>\n\t\t\t\t\t\t\t\t<\/div>\n\t\t\t\t<\/div>\n\t\t\t\t\t<\/div>\n\t\t<\/div>\n\t\t\t\t<div class=\"elementor-column elementor-col-66 elementor-top-column elementor-element elementor-element-34ba786\" data-id=\"34ba786\" data-element_type=\"column\" data-e-type=\"column\">\n\t\t\t<div class=\"elementor-widget-wrap elementor-element-populated\">\n\t\t\t\t\t\t<div class=\"elementor-element elementor-element-41f5188 elementor-widget elementor-widget-text-editor\" data-id=\"41f5188\" data-element_type=\"widget\" data-e-type=\"widget\" data-widget_type=\"text-editor.default\">\n\t\t\t\t<div class=\"elementor-widget-container\">\n\t\t\t\t\t\t\t\t\t<p><span class=\"TextRun SCXW15343475 BCX7\" lang=\"IT-IT\" xml:lang=\"IT-IT\" data-contrast=\"auto\"><span class=\"NormalTextRun SCXW15343475 BCX7\">Nato a Torino, Roberto Gilardino \u00e8 entrato a far parte di CROCE &amp; Associ\u00e9s SA nel 2015 in qualit\u00e0 di consulente.<\/span><\/span><span class=\"TextRun SCXW15343475 BCX7\" lang=\"IT-IT\" xml:lang=\"IT-IT\" data-contrast=\"auto\"><span class=\"NormalTextRun SCXW15343475 BCX7\">\u00a0<\/span><\/span><span class=\"TextRun SCXW15343475 BCX7\" lang=\"IT-IT\" xml:lang=\"IT-IT\" data-contrast=\"auto\"><span class=\"NormalTextRun SCXW15343475 BCX7\">Dirige l\u2019ufficio di Shanghai ed \u00e8 anche partner regionale di Group Horizons (<a href=\"http:\/\/www.horizons-advisory.com\" target=\"_blank\" rel=\"noopener\">www.horizons-advisory.com<\/a><\/span><\/span><span class=\"TextRun SCXW15343475 BCX7\" lang=\"IT-IT\" xml:lang=\"IT-IT\" data-contrast=\"auto\"><span class=\"NormalTextRun SCXW15343475 BCX7\">), una societ\u00e0 di consulenza globale per le aziende nazionali e multinazionali che dispone di uffici in Cina, Russia, Medio Oriente ed Europa.<\/span><\/span><span class=\"EOP SCXW15343475 BCX7\" data-ccp-props=\"{&quot;201341983&quot;:0,&quot;335559740&quot;:259}\">\u00a0<\/span><\/p>\n<p><span class=\"TextRun SCXW194268061 BCX7\" lang=\"IT-IT\" xml:lang=\"IT-IT\" data-contrast=\"auto\"><span class=\"NormalTextRun SCXW194268061 BCX7\">Dopo i suoi studi di letteratura e lingue, Roberto Gilardino ha studiato il diritto degli affari presso la BPP Law School (Londra), presso la China University of Political Science and Law e presso l\u2019Universit\u00e0 di Harvard (1994-1996).<\/span><\/span><span class=\"EOP SCXW194268061 BCX7\" data-ccp-props=\"{&quot;201341983&quot;:0,&quot;335559740&quot;:259}\">\u00a0<\/span><\/p>\n<p><span class=\"TextRun SCXW50020529 BCX7\" lang=\"IT-IT\" xml:lang=\"IT-IT\" data-contrast=\"auto\"><span class=\"NormalTextRun SCXW50020529 BCX7\">Ha lavorato per 11 anni (1994-2005) presso il servizio giuridico della China Aerospace Science &amp; Industry Corporation (CASIC) a Pechino e poi come direttore esecutivo presso Ruiheng (Shanghai) Consulting Co Ltd fino al 2014, uno studio di consulenza per la strategia e lo sviluppo delle aziende. \u00c8 stato anche per 18 anni azionista di maggioranza di una societ\u00e0 di\u00a0<\/span><\/span><span class=\"TextRun SCXW50020529 BCX7\" lang=\"IT-IT\" xml:lang=\"IT-IT\" data-contrast=\"auto\"><span class=\"NormalTextRun SCXW50020529 BCX7\">consulting (China Consultant Srl) con sede a Torino, specializzata nelle consulenze alle imprese europee intenzionate a inserirsi nel mercato cinese.<\/span><\/span><span class=\"EOP SCXW50020529 BCX7\" data-ccp-props=\"{&quot;201341983&quot;:0,&quot;335559740&quot;:259}\">\u00a0<\/span><\/p>\n<p><span class=\"TextRun SCXW131664287 BCX7\" lang=\"IT-IT\" xml:lang=\"IT-IT\" data-contrast=\"auto\"><span class=\"NormalTextRun SCXW131664287 BCX7\">Forte di un\u2019esperienza di oltre 20 anni in Asia e di una grande padronanza del settore pubblico cinese, Roberto Gilardino interviene principalmente negli ambiti di fusioni-acquisizioni, joint-venture, diritto aziendale (amministrazione aziendale, analisi di mercato, rilocalizzazione della sede, apertura di succursali e filiali, ristrutturazione e sviluppo all\u2019estero, due diligence legale, audit e gestione dei rischi, patti azionari, fiscalit\u00e0 aziendale, concorrenza, diritto del lavoro e propriet\u00e0 intellettuale) e contratti internazionali.<\/span><\/span><span class=\"EOP SCXW131664287 BCX7\" data-ccp-props=\"{&quot;201341983&quot;:0,&quot;335559740&quot;:259}\">\u00a0<\/span><\/p>\n<p><span class=\"TextRun SCXW31329735 BCX7\" lang=\"IT-IT\" xml:lang=\"IT-IT\" data-contrast=\"auto\"><span class=\"NormalTextRun SCXW31329735 BCX7\">Roberto Gilardino parla correntemente italiano, cinese mandarino, inglese e giapponese.<\/span><\/span><span class=\"EOP SCXW31329735 BCX7\" data-ccp-props=\"{&quot;201341983&quot;:0,&quot;335559740&quot;:259}\">\u00a0<\/span><\/p>\n\t\t\t\t\t\t\t\t<\/div>\n\t\t\t\t<\/div>\n\t\t\t\t\t<\/div>\n\t\t<\/div>\n\t\t\t\t\t<\/div>\n\t\t<\/section>\n\t\t\t\t<section class=\"elementor-section elementor-top-section elementor-element elementor-element-08fd451 elementor-section-boxed elementor-section-height-default elementor-section-height-default\" data-id=\"08fd451\" data-element_type=\"section\" data-e-type=\"section\">\n\t\t\t\t\t\t<div class=\"elementor-container elementor-column-gap-default\">\n\t\t\t\t\t<div class=\"elementor-column elementor-col-100 elementor-top-column elementor-element elementor-element-b42a638\" data-id=\"b42a638\" data-element_type=\"column\" data-e-type=\"column\">\n\t\t\t<div class=\"elementor-widget-wrap elementor-element-populated\">\n\t\t\t\t\t\t<div class=\"elementor-element elementor-element-b63a761 elementor-widget elementor-widget-spacer\" data-id=\"b63a761\" data-element_type=\"widget\" data-e-type=\"widget\" data-widget_type=\"spacer.default\">\n\t\t\t\t<div class=\"elementor-widget-container\">\n\t\t\t\t\t\t\t<div class=\"elementor-spacer\">\n\t\t\t<div class=\"elementor-spacer-inner\"><\/div>\n\t\t<\/div>\n\t\t\t\t\t\t<\/div>\n\t\t\t\t<\/div>\n\t\t\t\t\t<\/div>\n\t\t<\/div>\n\t\t\t\t\t<\/div>\n\t\t<\/section>\n\t\t\t\t<\/div>\n\t\t","protected":false},"excerpt":{"rendered":"<p>Dettagli Biglietto di visitaT\u00e9l\u00e9charger E-mailr.gilardino@croce-associes.com Nato a Torino, Roberto Gilardino \u00e8 entrato a far parte di CROCE &amp; Associ\u00e9s SA nel 2015 in qualit\u00e0 di consulente.\u00a0Dirige l\u2019ufficio di Shanghai ed \u00e8 anche partner regionale di Group Horizons (www.horizons-advisory.com), una societ\u00e0 di consulenza globale per le aziende nazionali e multinazionali che dispone di uffici in Cina, [&hellip;]<\/p>\n","protected":false},"author":1,"featured_media":0,"parent":0,"menu_order":0,"comment_status":"closed","ping_status":"closed","template":"","meta":{"_mo_disable_npp":"","site-sidebar-layout":"no-sidebar","site-content-layout":"page-builder","ast-site-content-layout":"default","site-content-style":"default","site-sidebar-style":"default","ast-global-header-display":"","ast-banner-title-visibility":"","ast-main-header-display":"","ast-hfb-above-header-display":"","ast-hfb-below-header-display":"","ast-hfb-mobile-header-display":"","site-post-title":"disabled","ast-breadcrumbs-content":"","ast-featured-img":"disabled","footer-sml-layout":"","ast-disable-related-posts":"","theme-transparent-header-meta":"default","adv-header-id-meta":"","stick-header-meta":"default","header-above-stick-meta":"","header-main-stick-meta":"","header-below-stick-meta":"","astra-migrate-meta-layouts":"default","ast-page-background-enabled":"default","ast-page-background-meta":{"desktop":{"background-color":"","background-image":"","background-repeat":"repeat","background-position":"center center","background-size":"auto","background-attachment":"scroll","background-type":"","background-media":"","overlay-type":"","overlay-color":"","overlay-opacity":"","overlay-gradient":""},"tablet":{"background-color":"","background-image":"","background-repeat":"repeat","background-position":"center center","background-size":"auto","background-attachment":"scroll","background-type":"","background-media":"","overlay-type":"","overlay-color":"","overlay-opacity":"","overlay-gradient":""},"mobile":{"background-color":"","background-image":"","background-repeat":"repeat","background-position":"center center","background-size":"auto","background-attachment":"scroll","background-type":"","background-media":"","overlay-type":"","overlay-color":"","overlay-opacity":"","overlay-gradient":""}},"ast-content-background-meta":{"desktop":{"background-color":"var(--ast-global-color-5)","background-image":"","background-repeat":"repeat","background-position":"center center","background-size":"auto","background-attachment":"scroll","background-type":"","background-media":"","overlay-type":"","overlay-color":"","overlay-opacity":"","overlay-gradient":""},"tablet":{"background-color":"var(--ast-global-color-5)","background-image":"","background-repeat":"repeat","background-position":"center center","background-size":"auto","background-attachment":"scroll","background-type":"","background-media":"","overlay-type":"","overlay-color":"","overlay-opacity":"","overlay-gradient":""},"mobile":{"background-color":"var(--ast-global-color-5)","background-image":"","background-repeat":"repeat","background-position":"center center","background-size":"auto","background-attachment":"scroll","background-type":"","background-media":"","overlay-type":"","overlay-color":"","overlay-opacity":"","overlay-gradient":""}},"footnotes":""},"class_list":["post-4391","page","type-page","status-publish","hentry"],"yoast_head":"<!-- This site is optimized with the Yoast SEO Premium plugin v27.2 (Yoast SEO v27.2) - https:\/\/yoast.com\/product\/yoast-seo-premium-wordpress\/ -->\n<title>Roberto GILARDINO - Croce &amp; Associ\u00e9s SA<\/title>\n<meta name=\"description\" content=\"Roberto GILARDINO \u00e8 un avvocato. Dirige l&#039;ufficio di Shanghai ed \u00e8 specializzato nel trasferimento di aziende in Cina.\" \/>\n<meta name=\"robots\" content=\"index, follow, max-snippet:-1, max-image-preview:large, max-video-preview:-1\" \/>\n<link rel=\"canonical\" href=\"https:\/\/croce-associes.ch\/avocat-roberto-gilardino\/\" \/>\n<meta property=\"og:locale\" content=\"it_IT\" \/>\n<meta property=\"og:type\" content=\"article\" \/>\n<meta property=\"og:title\" content=\"Roberto GILARDINO\" \/>\n<meta property=\"og:description\" content=\"Roberto GILARDINO \u00e8 un avvocato. Dirige l&#039;ufficio di Shanghai ed \u00e8 specializzato nel trasferimento di aziende in Cina.\" \/>\n<meta property=\"og:url\" content=\"https:\/\/croce-associes.ch\/avocat-roberto-gilardino\/\" \/>\n<meta property=\"og:site_name\" content=\"Croce &amp; Associ\u00e9s SA\" \/>\n<meta property=\"article:modified_time\" content=\"2024-02-29T08:13:03+00:00\" \/>\n<meta property=\"og:image\" content=\"https:\/\/croce-associes.ch\/wp-content\/uploads\/2019\/04\/Roberto-Gilardino_1024x768.jpg\" \/>\n<meta name=\"twitter:card\" content=\"summary_large_image\" \/>\n<meta name=\"twitter:label1\" content=\"Tempo di lettura stimato\" \/>\n\t<meta name=\"twitter:data1\" content=\"1 minuto\" \/>\n<script type=\"application\/ld+json\" class=\"yoast-schema-graph\">{\"@context\":\"https:\/\/schema.org\",\"@graph\":[{\"@type\":\"WebPage\",\"@id\":\"https:\/\/croce-associes.ch\/avocat-roberto-gilardino\/\",\"url\":\"https:\/\/croce-associes.ch\/avocat-roberto-gilardino\/\",\"name\":\"Roberto GILARDINO - Croce &amp; Associ\u00e9s SA\",\"isPartOf\":{\"@id\":\"https:\/\/croce-associes.ch\/#website\"},\"primaryImageOfPage\":{\"@id\":\"https:\/\/croce-associes.ch\/avocat-roberto-gilardino\/#primaryimage\"},\"image\":{\"@id\":\"https:\/\/croce-associes.ch\/avocat-roberto-gilardino\/#primaryimage\"},\"thumbnailUrl\":\"https:\/\/croce-associes.ch\/wp-content\/uploads\/2019\/04\/Roberto-Gilardino_1024x768.jpg\",\"datePublished\":\"2019-10-24T13:44:58+00:00\",\"dateModified\":\"2024-02-29T08:13:03+00:00\",\"description\":\"Roberto GILARDINO \u00e8 un avvocato. Dirige l'ufficio di Shanghai ed \u00e8 specializzato nel trasferimento di aziende in Cina.\",\"breadcrumb\":{\"@id\":\"https:\/\/croce-associes.ch\/avocat-roberto-gilardino\/#breadcrumb\"},\"inLanguage\":\"it-IT\",\"potentialAction\":[{\"@type\":\"ReadAction\",\"target\":[\"https:\/\/croce-associes.ch\/avocat-roberto-gilardino\/\"]}]},{\"@type\":\"ImageObject\",\"inLanguage\":\"it-IT\",\"@id\":\"https:\/\/croce-associes.ch\/avocat-roberto-gilardino\/#primaryimage\",\"url\":\"https:\/\/croce-associes.ch\/wp-content\/uploads\/2019\/04\/Roberto-Gilardino_1024x768.jpg\",\"contentUrl\":\"https:\/\/croce-associes.ch\/wp-content\/uploads\/2019\/04\/Roberto-Gilardino_1024x768.jpg\"},{\"@type\":\"BreadcrumbList\",\"@id\":\"https:\/\/croce-associes.ch\/avocat-roberto-gilardino\/#breadcrumb\",\"itemListElement\":[{\"@type\":\"ListItem\",\"position\":1,\"name\":\"Accueil\",\"item\":\"https:\/\/croce-associes.ch\/it\/\"},{\"@type\":\"ListItem\",\"position\":2,\"name\":\"Roberto GILARDINO\"}]},{\"@type\":\"WebSite\",\"@id\":\"https:\/\/croce-associes.ch\/#website\",\"url\":\"https:\/\/croce-associes.ch\/\",\"name\":\"Croce &amp; Associ\u00e9s SA\",\"description\":\"\",\"publisher\":{\"@id\":\"https:\/\/croce-associes.ch\/#organization\"},\"potentialAction\":[{\"@type\":\"SearchAction\",\"target\":{\"@type\":\"EntryPoint\",\"urlTemplate\":\"https:\/\/croce-associes.ch\/?s={search_term_string}\"},\"query-input\":{\"@type\":\"PropertyValueSpecification\",\"valueRequired\":true,\"valueName\":\"search_term_string\"}}],\"inLanguage\":\"it-IT\"},{\"@type\":\"Organization\",\"@id\":\"https:\/\/croce-associes.ch\/#organization\",\"name\":\"CROCE & Associ\u00e9s SA\",\"url\":\"https:\/\/croce-associes.ch\/\",\"logo\":{\"@type\":\"ImageObject\",\"inLanguage\":\"it-IT\",\"@id\":\"https:\/\/croce-associes.ch\/#\/schema\/logo\/image\/\",\"url\":\"https:\/\/croce-associes.ch\/wp-content\/uploads\/2019\/01\/CRO_Logo_Top_464x84.png\",\"contentUrl\":\"https:\/\/croce-associes.ch\/wp-content\/uploads\/2019\/01\/CRO_Logo_Top_464x84.png\",\"width\":464,\"height\":84,\"caption\":\"CROCE & Associ\u00e9s SA\"},\"image\":{\"@id\":\"https:\/\/croce-associes.ch\/#\/schema\/logo\/image\/\"}}]}<\/script>\n<!-- \/ Yoast SEO Premium plugin. -->","yoast_head_json":{"title":"Roberto GILARDINO - Croce &amp; Associ\u00e9s SA","description":"Roberto GILARDINO \u00e8 un avvocato. Dirige l'ufficio di Shanghai ed \u00e8 specializzato nel trasferimento di aziende in Cina.","robots":{"index":"index","follow":"follow","max-snippet":"max-snippet:-1","max-image-preview":"max-image-preview:large","max-video-preview":"max-video-preview:-1"},"canonical":"https:\/\/croce-associes.ch\/avocat-roberto-gilardino\/","og_locale":"it_IT","og_type":"article","og_title":"Roberto GILARDINO","og_description":"Roberto GILARDINO \u00e8 un avvocato. Dirige l'ufficio di Shanghai ed \u00e8 specializzato nel trasferimento di aziende in Cina.","og_url":"https:\/\/croce-associes.ch\/avocat-roberto-gilardino\/","og_site_name":"Croce &amp; Associ\u00e9s SA","article_modified_time":"2024-02-29T08:13:03+00:00","og_image":[{"url":"https:\/\/croce-associes.ch\/wp-content\/uploads\/2019\/04\/Roberto-Gilardino_1024x768.jpg","type":"","width":"","height":""}],"twitter_card":"summary_large_image","twitter_misc":{"Tempo di lettura stimato":"1 minuto"},"schema":{"@context":"https:\/\/schema.org","@graph":[{"@type":"WebPage","@id":"https:\/\/croce-associes.ch\/avocat-roberto-gilardino\/","url":"https:\/\/croce-associes.ch\/avocat-roberto-gilardino\/","name":"Roberto GILARDINO - Croce &amp; Associ\u00e9s SA","isPartOf":{"@id":"https:\/\/croce-associes.ch\/#website"},"primaryImageOfPage":{"@id":"https:\/\/croce-associes.ch\/avocat-roberto-gilardino\/#primaryimage"},"image":{"@id":"https:\/\/croce-associes.ch\/avocat-roberto-gilardino\/#primaryimage"},"thumbnailUrl":"https:\/\/croce-associes.ch\/wp-content\/uploads\/2019\/04\/Roberto-Gilardino_1024x768.jpg","datePublished":"2019-10-24T13:44:58+00:00","dateModified":"2024-02-29T08:13:03+00:00","description":"Roberto GILARDINO \u00e8 un avvocato. Dirige l'ufficio di Shanghai ed \u00e8 specializzato nel trasferimento di aziende in Cina.","breadcrumb":{"@id":"https:\/\/croce-associes.ch\/avocat-roberto-gilardino\/#breadcrumb"},"inLanguage":"it-IT","potentialAction":[{"@type":"ReadAction","target":["https:\/\/croce-associes.ch\/avocat-roberto-gilardino\/"]}]},{"@type":"ImageObject","inLanguage":"it-IT","@id":"https:\/\/croce-associes.ch\/avocat-roberto-gilardino\/#primaryimage","url":"https:\/\/croce-associes.ch\/wp-content\/uploads\/2019\/04\/Roberto-Gilardino_1024x768.jpg","contentUrl":"https:\/\/croce-associes.ch\/wp-content\/uploads\/2019\/04\/Roberto-Gilardino_1024x768.jpg"},{"@type":"BreadcrumbList","@id":"https:\/\/croce-associes.ch\/avocat-roberto-gilardino\/#breadcrumb","itemListElement":[{"@type":"ListItem","position":1,"name":"Accueil","item":"https:\/\/croce-associes.ch\/it\/"},{"@type":"ListItem","position":2,"name":"Roberto GILARDINO"}]},{"@type":"WebSite","@id":"https:\/\/croce-associes.ch\/#website","url":"https:\/\/croce-associes.ch\/","name":"Croce &amp; Associ\u00e9s SA","description":"","publisher":{"@id":"https:\/\/croce-associes.ch\/#organization"},"potentialAction":[{"@type":"SearchAction","target":{"@type":"EntryPoint","urlTemplate":"https:\/\/croce-associes.ch\/?s={search_term_string}"},"query-input":{"@type":"PropertyValueSpecification","valueRequired":true,"valueName":"search_term_string"}}],"inLanguage":"it-IT"},{"@type":"Organization","@id":"https:\/\/croce-associes.ch\/#organization","name":"CROCE & Associ\u00e9s SA","url":"https:\/\/croce-associes.ch\/","logo":{"@type":"ImageObject","inLanguage":"it-IT","@id":"https:\/\/croce-associes.ch\/#\/schema\/logo\/image\/","url":"https:\/\/croce-associes.ch\/wp-content\/uploads\/2019\/01\/CRO_Logo_Top_464x84.png","contentUrl":"https:\/\/croce-associes.ch\/wp-content\/uploads\/2019\/01\/CRO_Logo_Top_464x84.png","width":464,"height":84,"caption":"CROCE & Associ\u00e9s SA"},"image":{"@id":"https:\/\/croce-associes.ch\/#\/schema\/logo\/image\/"}}]}},"_links":{"self":[{"href":"https:\/\/croce-associes.ch\/it\/wp-json\/wp\/v2\/pages\/4391","targetHints":{"allow":["GET"]}}],"collection":[{"href":"https:\/\/croce-associes.ch\/it\/wp-json\/wp\/v2\/pages"}],"about":[{"href":"https:\/\/croce-associes.ch\/it\/wp-json\/wp\/v2\/types\/page"}],"author":[{"embeddable":true,"href":"https:\/\/croce-associes.ch\/it\/wp-json\/wp\/v2\/users\/1"}],"replies":[{"embeddable":true,"href":"https:\/\/croce-associes.ch\/it\/wp-json\/wp\/v2\/comments?post=4391"}],"version-history":[{"count":10,"href":"https:\/\/croce-associes.ch\/it\/wp-json\/wp\/v2\/pages\/4391\/revisions"}],"predecessor-version":[{"id":7195,"href":"https:\/\/croce-associes.ch\/it\/wp-json\/wp\/v2\/pages\/4391\/revisions\/7195"}],"wp:attachment":[{"href":"https:\/\/croce-associes.ch\/it\/wp-json\/wp\/v2\/media?parent=4391"}],"curies":[{"name":"wp","href":"https:\/\/api.w.org\/{rel}","templated":true}]}}