{"id":4382,"date":"2019-10-24T15:35:06","date_gmt":"2019-10-24T13:35:06","guid":{"rendered":"https:\/\/croce-associes.ch\/?page_id=4382"},"modified":"2024-02-29T09:11:41","modified_gmt":"2024-02-29T08:11:41","slug":"franco-n-croce","status":"publish","type":"page","link":"https:\/\/croce-associes.ch\/it\/franco-n-croce\/","title":{"rendered":"Franco N. CROCE"},"content":{"rendered":"\t\t<div data-elementor-type=\"wp-post\" data-elementor-id=\"4382\" class=\"elementor elementor-4382 elementor-793\" data-elementor-post-type=\"page\">\n\t\t\t\t\t\t<section class=\"elementor-section elementor-top-section elementor-element elementor-element-39c21f0 elementor-section-full_width elementor-section-height-default elementor-section-height-default\" data-id=\"39c21f0\" data-element_type=\"section\" data-e-type=\"section\" data-settings=\"{&quot;background_background&quot;:&quot;classic&quot;}\">\n\t\t\t\t\t\t<div class=\"elementor-container elementor-column-gap-no\">\n\t\t\t\t\t<div class=\"elementor-column elementor-col-100 elementor-top-column elementor-element elementor-element-7b03931\" data-id=\"7b03931\" data-element_type=\"column\" data-e-type=\"column\">\n\t\t\t<div class=\"elementor-widget-wrap elementor-element-populated\">\n\t\t\t\t\t\t<div class=\"elementor-element elementor-element-be93c5f elementor-widget elementor-widget-spacer\" data-id=\"be93c5f\" data-element_type=\"widget\" data-e-type=\"widget\" data-widget_type=\"spacer.default\">\n\t\t\t\t<div class=\"elementor-widget-container\">\n\t\t\t\t\t\t\t<div class=\"elementor-spacer\">\n\t\t\t<div class=\"elementor-spacer-inner\"><\/div>\n\t\t<\/div>\n\t\t\t\t\t\t<\/div>\n\t\t\t\t<\/div>\n\t\t\t\t<section class=\"elementor-section elementor-inner-section elementor-element elementor-element-1f0bfd1 elementor-section-boxed elementor-section-height-default elementor-section-height-default\" data-id=\"1f0bfd1\" data-element_type=\"section\" data-e-type=\"section\">\n\t\t\t\t\t\t<div class=\"elementor-container elementor-column-gap-default\">\n\t\t\t\t\t<div class=\"elementor-column elementor-col-100 elementor-inner-column elementor-element elementor-element-b688660\" data-id=\"b688660\" data-element_type=\"column\" data-e-type=\"column\">\n\t\t\t<div class=\"elementor-widget-wrap elementor-element-populated\">\n\t\t\t\t\t\t<div class=\"elementor-element elementor-element-09aa3f4 elementor-widget elementor-widget-theme-post-title elementor-page-title elementor-widget-heading\" data-id=\"09aa3f4\" data-element_type=\"widget\" data-e-type=\"widget\" data-widget_type=\"theme-post-title.default\">\n\t\t\t\t<div class=\"elementor-widget-container\">\n\t\t\t\t\t<h1 class=\"elementor-heading-title elementor-size-default\">Franco N. CROCE<\/h1>\t\t\t\t<\/div>\n\t\t\t\t<\/div>\n\t\t\t\t\t<\/div>\n\t\t<\/div>\n\t\t\t\t\t<\/div>\n\t\t<\/section>\n\t\t\t\t<div class=\"elementor-element elementor-element-38b0758 elementor-widget elementor-widget-spacer\" data-id=\"38b0758\" data-element_type=\"widget\" data-e-type=\"widget\" data-widget_type=\"spacer.default\">\n\t\t\t\t<div class=\"elementor-widget-container\">\n\t\t\t\t\t\t\t<div class=\"elementor-spacer\">\n\t\t\t<div class=\"elementor-spacer-inner\"><\/div>\n\t\t<\/div>\n\t\t\t\t\t\t<\/div>\n\t\t\t\t<\/div>\n\t\t\t\t\t<\/div>\n\t\t<\/div>\n\t\t\t\t\t<\/div>\n\t\t<\/section>\n\t\t\t\t<section class=\"elementor-section elementor-top-section elementor-element elementor-element-0c59181 elementor-section-boxed elementor-section-height-default elementor-section-height-default\" data-id=\"0c59181\" data-element_type=\"section\" data-e-type=\"section\">\n\t\t\t\t\t\t<div class=\"elementor-container elementor-column-gap-default\">\n\t\t\t\t\t<div class=\"elementor-column elementor-col-100 elementor-top-column elementor-element elementor-element-7fa9f15\" data-id=\"7fa9f15\" data-element_type=\"column\" data-e-type=\"column\">\n\t\t\t<div class=\"elementor-widget-wrap elementor-element-populated\">\n\t\t\t\t\t\t<div class=\"elementor-element elementor-element-000b48e elementor-widget elementor-widget-spacer\" data-id=\"000b48e\" data-element_type=\"widget\" data-e-type=\"widget\" data-widget_type=\"spacer.default\">\n\t\t\t\t<div class=\"elementor-widget-container\">\n\t\t\t\t\t\t\t<div class=\"elementor-spacer\">\n\t\t\t<div class=\"elementor-spacer-inner\"><\/div>\n\t\t<\/div>\n\t\t\t\t\t\t<\/div>\n\t\t\t\t<\/div>\n\t\t\t\t\t<\/div>\n\t\t<\/div>\n\t\t\t\t\t<\/div>\n\t\t<\/section>\n\t\t\t\t<section class=\"elementor-section elementor-top-section elementor-element elementor-element-40c482d elementor-section-boxed elementor-section-height-default elementor-section-height-default\" data-id=\"40c482d\" data-element_type=\"section\" data-e-type=\"section\">\n\t\t\t\t\t\t<div class=\"elementor-container elementor-column-gap-default\">\n\t\t\t\t\t<div class=\"elementor-column elementor-col-33 elementor-top-column elementor-element elementor-element-a6d1116\" data-id=\"a6d1116\" data-element_type=\"column\" data-e-type=\"column\">\n\t\t\t<div class=\"elementor-widget-wrap elementor-element-populated\">\n\t\t\t\t\t\t<div class=\"elementor-element elementor-element-a7b01ed elementor-widget elementor-widget-image\" data-id=\"a7b01ed\" data-element_type=\"widget\" data-e-type=\"widget\" data-widget_type=\"image.default\">\n\t\t\t\t<div class=\"elementor-widget-container\">\n\t\t\t\t\t\t\t\t\t\t\t\t\t\t\t<img fetchpriority=\"high\" decoding=\"async\" width=\"800\" height=\"1024\" src=\"https:\/\/croce-associes.ch\/wp-content\/uploads\/2019\/04\/Franco-Croce1024x800.jpg\" class=\"attachment-full size-full wp-image-1564\" alt=\"Franco N. CROCE assiste et conseille ses clients \u00e0 Gen\u00e8ve en fran\u00e7ais, en italien, en anglais et en allemand.\" srcset=\"https:\/\/croce-associes.ch\/wp-content\/uploads\/2019\/04\/Franco-Croce1024x800.jpg 800w, https:\/\/croce-associes.ch\/wp-content\/uploads\/2019\/04\/Franco-Croce1024x800-234x300.jpg 234w, https:\/\/croce-associes.ch\/wp-content\/uploads\/2019\/04\/Franco-Croce1024x800-768x983.jpg 768w\" sizes=\"(max-width: 800px) 100vw, 800px\" \/>\t\t\t\t\t\t\t\t\t\t\t\t\t\t\t<\/div>\n\t\t\t\t<\/div>\n\t\t\t\t<div class=\"elementor-element elementor-element-a500567 elementor-widget elementor-widget-text-editor\" data-id=\"a500567\" data-element_type=\"widget\" data-e-type=\"widget\" data-widget_type=\"text-editor.default\">\n\t\t\t\t<div class=\"elementor-widget-container\">\n\t\t\t\t\t\t\t\t\t<div class=\"details-avocat\">\n<h3>Dettagli<\/h3>\n<div class=\"details-avocat-ligne\"><span class=\"details-avocat-title\">Biglietto da visita<\/span><span class=\"details-avocat-data\"><a href=\"\/contacts\/CRO_Contact_FRC.vcf\">Scaricamento<\/a><\/span><\/div>\n<div class=\"details-avocat-ligne\"><span class=\"details-avocat-title\">E-mail<\/span><span class=\"details-avocat-data\"><a href=\"mailto:f.croce@croce-associes.ch\">f.croce@croce-associes.ch<\/a><\/span><\/div>\n<div class=\"details-avocat-ligne\"><span class=\"details-avocat-title\">Membro dell\u2019<\/span><span class=\"details-avocat-data\"><a href=\"https:\/\/www.odage.ch\/\">Ordine degli Avvocati di Ginevra<\/a>, della <a href=\"https:\/\/www.sav-fsa.ch\/it\/home.html\">Federazione Svizzera degli Avvocati<\/a>, dell\u2019 <a href=\"http:\/\/www.sro-sav-snv.ch\/it\/\">Organismo di Autodisciplina della Federazione Svizzera degli Avvocati e della Federazione Svizzera dei Notai<\/a>, dell\u2019<a href=\"http:\/\/www.ifa-switzerland.ch\/fr\/home.html\">Associazione Fiscale Internazionale<\/a> nonch\u00e9 dell\u2019<a href=\"https:\/\/www.arbitration-ch.org\/en\/home\/index.html\">Associazione Svizzera per l\u2019Arbitrato<\/a><\/span><\/div>\n<\/div>\n\t\t\t\t\t\t\t\t<\/div>\n\t\t\t\t<\/div>\n\t\t\t\t\t<\/div>\n\t\t<\/div>\n\t\t\t\t<div class=\"elementor-column elementor-col-66 elementor-top-column elementor-element elementor-element-8b70211\" data-id=\"8b70211\" data-element_type=\"column\" data-e-type=\"column\">\n\t\t\t<div class=\"elementor-widget-wrap elementor-element-populated\">\n\t\t\t\t\t\t<div class=\"elementor-element elementor-element-5802d5c elementor-widget elementor-widget-text-editor\" data-id=\"5802d5c\" data-element_type=\"widget\" data-e-type=\"widget\" data-widget_type=\"text-editor.default\">\n\t\t\t\t<div class=\"elementor-widget-container\">\n\t\t\t\t\t\t\t\t\t<p><span class=\"TextRun BCX7 SCXW132283941\" lang=\"IT-IT\" xml:lang=\"IT-IT\" data-contrast=\"auto\"><span class=\"NormalTextRun BCX7 SCXW132283941\">Franco N. CROCE \u00e8 nato nel 1952 a Basilea. Dopo le scuole a Lugano, ha studiato all\u2019Universit\u00e0 di Ginevra dove ha ottenuto la Laurea in Legge e l\u2019Abilitazione alla professione di Avvocato nel 1978.<\/span><\/span><\/p>\n<p><span class=\"TextRun SCXW145545902 BCX7\" lang=\"IT-IT\" xml:lang=\"IT-IT\" data-contrast=\"auto\"><span class=\"NormalTextRun SCXW145545902 BCX7\">Successivamente \u00e8 entrato a far parte del servizio giuridico della banca Paribas dove si \u00e8 specializzato in problemi giuridici legati al finanziamento del commercio internazionale.<\/span><\/span><span class=\"EOP SCXW145545902 BCX7\" data-ccp-props=\"{&quot;201341983&quot;:0,&quot;335559740&quot;:259}\">&nbsp;<\/span><\/p>\n<p><span class=\"TextRun SCXW24541857 BCX7\" lang=\"IT-IT\" xml:lang=\"IT-IT\" data-contrast=\"auto\"><span class=\"NormalTextRun SCXW24541857 BCX7\">In seguito, Franco N. CROCE ha proseguito la propria carriera professionale presso diversi studi di avvocati della piazza ginevrina per mettersi infine in proprio a partire dal 1981 (Studio Franco N. CROCE).<\/span><\/span><span class=\"EOP SCXW24541857 BCX7\" data-ccp-props=\"{&quot;201341983&quot;:0,&quot;335559740&quot;:259}\">&nbsp;<\/span><\/p>\n<p><span class=\"TextRun SCXW147627605 BCX7\" lang=\"IT-IT\" xml:lang=\"IT-IT\" data-contrast=\"auto\"><span class=\"NormalTextRun SCXW147627605 BCX7\">Nel gennaio 2011, Franco N. Croce, Manuela Robutti-Croce e Lorenzo Croce si sono associati per creare CROCE &amp; Associ\u00e9s SA. Inoltre, dal 2013 Lorenzo Croce \u00e8 iscritto al Foro di Singapore in qualit\u00e0 di avvocato straniero.<\/span><\/span><span class=\"EOP SCXW147627605 BCX7\" data-ccp-props=\"{&quot;201341983&quot;:0,&quot;335559740&quot;:259}\">&nbsp;<\/span><\/p>\n<p><span class=\"TextRun SCXW55496087 BCX7\" lang=\"IT-IT\" xml:lang=\"IT-IT\" data-contrast=\"auto\"><span class=\"NormalTextRun SCXW55496087 BCX7\">Oltre all\u2019attivit\u00e0 di avvocato tradizionale, Franco N. CROCE dispone di una lunga esperienza nel campo finanziario e nella gestione di beni e di capitali. In particolare, \u00e8 stato presidente di una banca svizzera e membro del consiglio di amministrazione di diverse societ\u00e0 finanziarie e&nbsp;<\/span><\/span><span class=\"TextRun SCXW55496087 BCX7\" lang=\"IT-IT\" xml:lang=\"IT-IT\" data-contrast=\"auto\"><span class=\"NormalTextRun SCXW55496087 BCX7\">industriali svizzere e straniere, soprattutto per conto di un importante gruppo petrolifero.<\/span><\/span><span class=\"EOP SCXW55496087 BCX7\" data-ccp-props=\"{&quot;201341983&quot;:0,&quot;335559740&quot;:259}\">&nbsp;<\/span><\/p>\n<p><span class=\"TextRun SCXW78634876 BCX7\" lang=\"IT-IT\" xml:lang=\"IT-IT\" data-contrast=\"auto\"><span class=\"NormalTextRun SCXW78634876 BCX7\">I campi di attivit\u00e0 di Franco N. CROCE sono il diritto bancario e finanziario, il diritto societario, il diritto borsistico, il diritto assicurativo, il diritto fiscale e l\u2019arbitrato commerciale. Pratica in francese, italiano, tedesco e inglese.<\/span><\/span><span class=\"EOP SCXW78634876 BCX7\" data-ccp-props=\"{&quot;201341983&quot;:0,&quot;335559740&quot;:259}\">&nbsp;<\/span><\/p>\n<p><span class=\"TextRun SCXW81099849 BCX7\" lang=\"IT-IT\" xml:lang=\"IT-IT\" data-contrast=\"auto\"><span class=\"NormalTextRun SCXW81099849 BCX7\">Franco N. Croce \u00e8 membro dell\u2019Ordine degli Avvocati di Ginevra, della Federazione Svizzera degli Avvocati, dell\u2019 Organismo di Autodisciplina della Federazione Svizzera degli Avvocati e della Federazione Svizzera dei Notai, dell\u2019Associazione Fiscale Internazionale nonch\u00e9 dell\u2019Associazione Svizzera per l\u2019Arbitrato.<\/span><\/span><span class=\"EOP SCXW81099849 BCX7\" data-ccp-props=\"{&quot;201341983&quot;:0,&quot;335559740&quot;:259}\">&nbsp;<\/span><\/p>\n\t\t\t\t\t\t\t\t<\/div>\n\t\t\t\t<\/div>\n\t\t\t\t\t<\/div>\n\t\t<\/div>\n\t\t\t\t\t<\/div>\n\t\t<\/section>\n\t\t\t\t<section class=\"elementor-section elementor-top-section elementor-element elementor-element-dfa4dda elementor-section-boxed elementor-section-height-default elementor-section-height-default\" data-id=\"dfa4dda\" data-element_type=\"section\" data-e-type=\"section\">\n\t\t\t\t\t\t<div class=\"elementor-container elementor-column-gap-default\">\n\t\t\t\t\t<div class=\"elementor-column elementor-col-100 elementor-top-column elementor-element elementor-element-7d6cac0\" data-id=\"7d6cac0\" data-element_type=\"column\" data-e-type=\"column\">\n\t\t\t<div class=\"elementor-widget-wrap elementor-element-populated\">\n\t\t\t\t\t\t<div class=\"elementor-element elementor-element-ae88401 elementor-widget elementor-widget-spacer\" data-id=\"ae88401\" data-element_type=\"widget\" data-e-type=\"widget\" data-widget_type=\"spacer.default\">\n\t\t\t\t<div class=\"elementor-widget-container\">\n\t\t\t\t\t\t\t<div class=\"elementor-spacer\">\n\t\t\t<div class=\"elementor-spacer-inner\"><\/div>\n\t\t<\/div>\n\t\t\t\t\t\t<\/div>\n\t\t\t\t<\/div>\n\t\t\t\t\t<\/div>\n\t\t<\/div>\n\t\t\t\t\t<\/div>\n\t\t<\/section>\n\t\t\t\t<\/div>\n\t\t","protected":false},"excerpt":{"rendered":"<p>Dettagli Biglietto da visitaScaricamento E-mailf.croce@croce-associes.ch Membro dell\u2019Ordine degli Avvocati di Ginevra, della Federazione Svizzera degli Avvocati, dell\u2019 Organismo di Autodisciplina della Federazione Svizzera degli Avvocati e della Federazione Svizzera dei Notai, dell\u2019Associazione Fiscale Internazionale nonch\u00e9 dell\u2019Associazione Svizzera per l\u2019Arbitrato Franco N. CROCE \u00e8 nato nel 1952 a Basilea. Dopo le scuole a Lugano, ha studiato [&hellip;]<\/p>\n","protected":false},"author":1,"featured_media":0,"parent":0,"menu_order":0,"comment_status":"closed","ping_status":"closed","template":"","meta":{"_mo_disable_npp":"","site-sidebar-layout":"no-sidebar","site-content-layout":"page-builder","ast-site-content-layout":"default","site-content-style":"default","site-sidebar-style":"default","ast-global-header-display":"","ast-banner-title-visibility":"","ast-main-header-display":"","ast-hfb-above-header-display":"","ast-hfb-below-header-display":"","ast-hfb-mobile-header-display":"","site-post-title":"disabled","ast-breadcrumbs-content":"","ast-featured-img":"disabled","footer-sml-layout":"","ast-disable-related-posts":"","theme-transparent-header-meta":"default","adv-header-id-meta":"","stick-header-meta":"default","header-above-stick-meta":"","header-main-stick-meta":"","header-below-stick-meta":"","astra-migrate-meta-layouts":"default","ast-page-background-enabled":"default","ast-page-background-meta":{"desktop":{"background-color":"","background-image":"","background-repeat":"repeat","background-position":"center center","background-size":"auto","background-attachment":"scroll","background-type":"","background-media":"","overlay-type":"","overlay-color":"","overlay-opacity":"","overlay-gradient":""},"tablet":{"background-color":"","background-image":"","background-repeat":"repeat","background-position":"center center","background-size":"auto","background-attachment":"scroll","background-type":"","background-media":"","overlay-type":"","overlay-color":"","overlay-opacity":"","overlay-gradient":""},"mobile":{"background-color":"","background-image":"","background-repeat":"repeat","background-position":"center center","background-size":"auto","background-attachment":"scroll","background-type":"","background-media":"","overlay-type":"","overlay-color":"","overlay-opacity":"","overlay-gradient":""}},"ast-content-background-meta":{"desktop":{"background-color":"var(--ast-global-color-5)","background-image":"","background-repeat":"repeat","background-position":"center center","background-size":"auto","background-attachment":"scroll","background-type":"","background-media":"","overlay-type":"","overlay-color":"","overlay-opacity":"","overlay-gradient":""},"tablet":{"background-color":"var(--ast-global-color-5)","background-image":"","background-repeat":"repeat","background-position":"center center","background-size":"auto","background-attachment":"scroll","background-type":"","background-media":"","overlay-type":"","overlay-color":"","overlay-opacity":"","overlay-gradient":""},"mobile":{"background-color":"var(--ast-global-color-5)","background-image":"","background-repeat":"repeat","background-position":"center center","background-size":"auto","background-attachment":"scroll","background-type":"","background-media":"","overlay-type":"","overlay-color":"","overlay-opacity":"","overlay-gradient":""}},"footnotes":""},"class_list":["post-4382","page","type-page","status-publish","hentry"],"yoast_head":"<!-- This site is optimized with the Yoast SEO Premium plugin v27.2 (Yoast SEO v27.2) - https:\/\/yoast.com\/product\/yoast-seo-premium-wordpress\/ -->\n<title>Franco N. CROCE - Croce &amp; Associ\u00e9s SA<\/title>\n<meta name=\"description\" content=\"Franco N. CROCE \u00e8 un avvocato svizzero iscritto all&#039;Ordine degli avvocati di Ginevra e di Singapore, specializzato in diritto bancario e finanziario.\" \/>\n<meta name=\"robots\" content=\"index, follow, max-snippet:-1, max-image-preview:large, max-video-preview:-1\" \/>\n<link rel=\"canonical\" href=\"https:\/\/croce-associes.ch\/avocat-franco-n-croce\/\" \/>\n<meta property=\"og:locale\" content=\"it_IT\" \/>\n<meta property=\"og:type\" content=\"article\" \/>\n<meta property=\"og:title\" content=\"Franco N. CROCE\" \/>\n<meta property=\"og:description\" content=\"Franco N. CROCE \u00e8 un avvocato svizzero iscritto all&#039;Ordine degli avvocati di Ginevra e di Singapore, specializzato in diritto bancario e finanziario.\" \/>\n<meta property=\"og:url\" content=\"https:\/\/croce-associes.ch\/avocat-franco-n-croce\/\" \/>\n<meta property=\"og:site_name\" content=\"Croce &amp; Associ\u00e9s SA\" \/>\n<meta property=\"article:modified_time\" content=\"2024-02-29T08:11:41+00:00\" \/>\n<meta property=\"og:image\" content=\"https:\/\/croce-associes.ch\/wp-content\/uploads\/2019\/04\/Franco-Croce1024x800.jpg\" \/>\n<meta name=\"twitter:card\" content=\"summary_large_image\" \/>\n<meta name=\"twitter:label1\" content=\"Tempo di lettura stimato\" \/>\n\t<meta name=\"twitter:data1\" content=\"2 minuti\" \/>\n<script type=\"application\/ld+json\" class=\"yoast-schema-graph\">{\"@context\":\"https:\/\/schema.org\",\"@graph\":[{\"@type\":\"WebPage\",\"@id\":\"https:\/\/croce-associes.ch\/avocat-franco-n-croce\/\",\"url\":\"https:\/\/croce-associes.ch\/avocat-franco-n-croce\/\",\"name\":\"Franco N. CROCE - Croce &amp; Associ\u00e9s SA\",\"isPartOf\":{\"@id\":\"https:\/\/croce-associes.ch\/#website\"},\"primaryImageOfPage\":{\"@id\":\"https:\/\/croce-associes.ch\/avocat-franco-n-croce\/#primaryimage\"},\"image\":{\"@id\":\"https:\/\/croce-associes.ch\/avocat-franco-n-croce\/#primaryimage\"},\"thumbnailUrl\":\"https:\/\/croce-associes.ch\/wp-content\/uploads\/2019\/04\/Franco-Croce1024x800.jpg\",\"datePublished\":\"2019-10-24T13:35:06+00:00\",\"dateModified\":\"2024-02-29T08:11:41+00:00\",\"description\":\"Franco N. CROCE \u00e8 un avvocato svizzero iscritto all'Ordine degli avvocati di Ginevra e di Singapore, specializzato in diritto bancario e finanziario.\",\"breadcrumb\":{\"@id\":\"https:\/\/croce-associes.ch\/avocat-franco-n-croce\/#breadcrumb\"},\"inLanguage\":\"it-IT\",\"potentialAction\":[{\"@type\":\"ReadAction\",\"target\":[\"https:\/\/croce-associes.ch\/avocat-franco-n-croce\/\"]}]},{\"@type\":\"ImageObject\",\"inLanguage\":\"it-IT\",\"@id\":\"https:\/\/croce-associes.ch\/avocat-franco-n-croce\/#primaryimage\",\"url\":\"https:\/\/croce-associes.ch\/wp-content\/uploads\/2019\/04\/Franco-Croce1024x800.jpg\",\"contentUrl\":\"https:\/\/croce-associes.ch\/wp-content\/uploads\/2019\/04\/Franco-Croce1024x800.jpg\"},{\"@type\":\"BreadcrumbList\",\"@id\":\"https:\/\/croce-associes.ch\/avocat-franco-n-croce\/#breadcrumb\",\"itemListElement\":[{\"@type\":\"ListItem\",\"position\":1,\"name\":\"Accueil\",\"item\":\"https:\/\/croce-associes.ch\/it\/\"},{\"@type\":\"ListItem\",\"position\":2,\"name\":\"Franco N. CROCE\"}]},{\"@type\":\"WebSite\",\"@id\":\"https:\/\/croce-associes.ch\/#website\",\"url\":\"https:\/\/croce-associes.ch\/\",\"name\":\"Croce &amp; Associ\u00e9s SA\",\"description\":\"\",\"publisher\":{\"@id\":\"https:\/\/croce-associes.ch\/#organization\"},\"potentialAction\":[{\"@type\":\"SearchAction\",\"target\":{\"@type\":\"EntryPoint\",\"urlTemplate\":\"https:\/\/croce-associes.ch\/?s={search_term_string}\"},\"query-input\":{\"@type\":\"PropertyValueSpecification\",\"valueRequired\":true,\"valueName\":\"search_term_string\"}}],\"inLanguage\":\"it-IT\"},{\"@type\":\"Organization\",\"@id\":\"https:\/\/croce-associes.ch\/#organization\",\"name\":\"CROCE & Associ\u00e9s SA\",\"url\":\"https:\/\/croce-associes.ch\/\",\"logo\":{\"@type\":\"ImageObject\",\"inLanguage\":\"it-IT\",\"@id\":\"https:\/\/croce-associes.ch\/#\/schema\/logo\/image\/\",\"url\":\"https:\/\/croce-associes.ch\/wp-content\/uploads\/2019\/01\/CRO_Logo_Top_464x84.png\",\"contentUrl\":\"https:\/\/croce-associes.ch\/wp-content\/uploads\/2019\/01\/CRO_Logo_Top_464x84.png\",\"width\":464,\"height\":84,\"caption\":\"CROCE & Associ\u00e9s SA\"},\"image\":{\"@id\":\"https:\/\/croce-associes.ch\/#\/schema\/logo\/image\/\"}}]}<\/script>\n<!-- \/ Yoast SEO Premium plugin. -->","yoast_head_json":{"title":"Franco N. CROCE - Croce &amp; Associ\u00e9s SA","description":"Franco N. CROCE \u00e8 un avvocato svizzero iscritto all'Ordine degli avvocati di Ginevra e di Singapore, specializzato in diritto bancario e finanziario.","robots":{"index":"index","follow":"follow","max-snippet":"max-snippet:-1","max-image-preview":"max-image-preview:large","max-video-preview":"max-video-preview:-1"},"canonical":"https:\/\/croce-associes.ch\/avocat-franco-n-croce\/","og_locale":"it_IT","og_type":"article","og_title":"Franco N. CROCE","og_description":"Franco N. CROCE \u00e8 un avvocato svizzero iscritto all'Ordine degli avvocati di Ginevra e di Singapore, specializzato in diritto bancario e finanziario.","og_url":"https:\/\/croce-associes.ch\/avocat-franco-n-croce\/","og_site_name":"Croce &amp; Associ\u00e9s SA","article_modified_time":"2024-02-29T08:11:41+00:00","og_image":[{"url":"https:\/\/croce-associes.ch\/wp-content\/uploads\/2019\/04\/Franco-Croce1024x800.jpg","type":"","width":"","height":""}],"twitter_card":"summary_large_image","twitter_misc":{"Tempo di lettura stimato":"2 minuti"},"schema":{"@context":"https:\/\/schema.org","@graph":[{"@type":"WebPage","@id":"https:\/\/croce-associes.ch\/avocat-franco-n-croce\/","url":"https:\/\/croce-associes.ch\/avocat-franco-n-croce\/","name":"Franco N. CROCE - Croce &amp; Associ\u00e9s SA","isPartOf":{"@id":"https:\/\/croce-associes.ch\/#website"},"primaryImageOfPage":{"@id":"https:\/\/croce-associes.ch\/avocat-franco-n-croce\/#primaryimage"},"image":{"@id":"https:\/\/croce-associes.ch\/avocat-franco-n-croce\/#primaryimage"},"thumbnailUrl":"https:\/\/croce-associes.ch\/wp-content\/uploads\/2019\/04\/Franco-Croce1024x800.jpg","datePublished":"2019-10-24T13:35:06+00:00","dateModified":"2024-02-29T08:11:41+00:00","description":"Franco N. CROCE \u00e8 un avvocato svizzero iscritto all'Ordine degli avvocati di Ginevra e di Singapore, specializzato in diritto bancario e finanziario.","breadcrumb":{"@id":"https:\/\/croce-associes.ch\/avocat-franco-n-croce\/#breadcrumb"},"inLanguage":"it-IT","potentialAction":[{"@type":"ReadAction","target":["https:\/\/croce-associes.ch\/avocat-franco-n-croce\/"]}]},{"@type":"ImageObject","inLanguage":"it-IT","@id":"https:\/\/croce-associes.ch\/avocat-franco-n-croce\/#primaryimage","url":"https:\/\/croce-associes.ch\/wp-content\/uploads\/2019\/04\/Franco-Croce1024x800.jpg","contentUrl":"https:\/\/croce-associes.ch\/wp-content\/uploads\/2019\/04\/Franco-Croce1024x800.jpg"},{"@type":"BreadcrumbList","@id":"https:\/\/croce-associes.ch\/avocat-franco-n-croce\/#breadcrumb","itemListElement":[{"@type":"ListItem","position":1,"name":"Accueil","item":"https:\/\/croce-associes.ch\/it\/"},{"@type":"ListItem","position":2,"name":"Franco N. CROCE"}]},{"@type":"WebSite","@id":"https:\/\/croce-associes.ch\/#website","url":"https:\/\/croce-associes.ch\/","name":"Croce &amp; Associ\u00e9s SA","description":"","publisher":{"@id":"https:\/\/croce-associes.ch\/#organization"},"potentialAction":[{"@type":"SearchAction","target":{"@type":"EntryPoint","urlTemplate":"https:\/\/croce-associes.ch\/?s={search_term_string}"},"query-input":{"@type":"PropertyValueSpecification","valueRequired":true,"valueName":"search_term_string"}}],"inLanguage":"it-IT"},{"@type":"Organization","@id":"https:\/\/croce-associes.ch\/#organization","name":"CROCE & Associ\u00e9s SA","url":"https:\/\/croce-associes.ch\/","logo":{"@type":"ImageObject","inLanguage":"it-IT","@id":"https:\/\/croce-associes.ch\/#\/schema\/logo\/image\/","url":"https:\/\/croce-associes.ch\/wp-content\/uploads\/2019\/01\/CRO_Logo_Top_464x84.png","contentUrl":"https:\/\/croce-associes.ch\/wp-content\/uploads\/2019\/01\/CRO_Logo_Top_464x84.png","width":464,"height":84,"caption":"CROCE & Associ\u00e9s SA"},"image":{"@id":"https:\/\/croce-associes.ch\/#\/schema\/logo\/image\/"}}]}},"_links":{"self":[{"href":"https:\/\/croce-associes.ch\/it\/wp-json\/wp\/v2\/pages\/4382","targetHints":{"allow":["GET"]}}],"collection":[{"href":"https:\/\/croce-associes.ch\/it\/wp-json\/wp\/v2\/pages"}],"about":[{"href":"https:\/\/croce-associes.ch\/it\/wp-json\/wp\/v2\/types\/page"}],"author":[{"embeddable":true,"href":"https:\/\/croce-associes.ch\/it\/wp-json\/wp\/v2\/users\/1"}],"replies":[{"embeddable":true,"href":"https:\/\/croce-associes.ch\/it\/wp-json\/wp\/v2\/comments?post=4382"}],"version-history":[{"count":54,"href":"https:\/\/croce-associes.ch\/it\/wp-json\/wp\/v2\/pages\/4382\/revisions"}],"predecessor-version":[{"id":7165,"href":"https:\/\/croce-associes.ch\/it\/wp-json\/wp\/v2\/pages\/4382\/revisions\/7165"}],"wp:attachment":[{"href":"https:\/\/croce-associes.ch\/it\/wp-json\/wp\/v2\/media?parent=4382"}],"curies":[{"name":"wp","href":"https:\/\/api.w.org\/{rel}","templated":true}]}}