{"id":4354,"date":"2019-10-24T10:44:44","date_gmt":"2019-10-24T08:44:44","guid":{"rendered":"https:\/\/croce-associes.ch\/?page_id=4354"},"modified":"2024-02-29T09:11:20","modified_gmt":"2024-02-29T08:11:20","slug":"condizioni-di-utilizzo","status":"publish","type":"page","link":"https:\/\/croce-associes.ch\/it\/condizioni-di-utilizzo\/","title":{"rendered":"Condizioni di utilizzo"},"content":{"rendered":"\t\t<div data-elementor-type=\"wp-post\" data-elementor-id=\"4354\" class=\"elementor elementor-4354 elementor-1507\" data-elementor-post-type=\"page\">\n\t\t\t\t\t\t<section class=\"elementor-section elementor-top-section elementor-element elementor-element-73c3b46e elementor-section-full_width elementor-section-height-default elementor-section-height-default\" data-id=\"73c3b46e\" data-element_type=\"section\" data-e-type=\"section\" data-settings=\"{&quot;background_background&quot;:&quot;classic&quot;}\">\n\t\t\t\t\t\t<div class=\"elementor-container elementor-column-gap-no\">\n\t\t\t\t\t<div class=\"elementor-column elementor-col-100 elementor-top-column elementor-element elementor-element-2c63af61\" data-id=\"2c63af61\" data-element_type=\"column\" data-e-type=\"column\">\n\t\t\t<div class=\"elementor-widget-wrap elementor-element-populated\">\n\t\t\t\t\t\t<div class=\"elementor-element elementor-element-1ebe261f elementor-widget elementor-widget-spacer\" data-id=\"1ebe261f\" data-element_type=\"widget\" data-e-type=\"widget\" data-widget_type=\"spacer.default\">\n\t\t\t\t<div class=\"elementor-widget-container\">\n\t\t\t\t\t\t\t<div class=\"elementor-spacer\">\n\t\t\t<div class=\"elementor-spacer-inner\"><\/div>\n\t\t<\/div>\n\t\t\t\t\t\t<\/div>\n\t\t\t\t<\/div>\n\t\t\t\t<section class=\"elementor-section elementor-inner-section elementor-element elementor-element-23d3ebe elementor-section-boxed elementor-section-height-default elementor-section-height-default\" data-id=\"23d3ebe\" data-element_type=\"section\" data-e-type=\"section\">\n\t\t\t\t\t\t<div class=\"elementor-container elementor-column-gap-default\">\n\t\t\t\t\t<div class=\"elementor-column elementor-col-100 elementor-inner-column elementor-element elementor-element-3b501d8a\" data-id=\"3b501d8a\" data-element_type=\"column\" data-e-type=\"column\">\n\t\t\t<div class=\"elementor-widget-wrap elementor-element-populated\">\n\t\t\t\t\t\t<div class=\"elementor-element elementor-element-2fda9935 elementor-widget elementor-widget-theme-post-title elementor-page-title elementor-widget-heading\" data-id=\"2fda9935\" data-element_type=\"widget\" data-e-type=\"widget\" data-widget_type=\"theme-post-title.default\">\n\t\t\t\t<div class=\"elementor-widget-container\">\n\t\t\t\t\t<h1 class=\"elementor-heading-title elementor-size-default\">Condizioni di utilizzo<\/h1>\t\t\t\t<\/div>\n\t\t\t\t<\/div>\n\t\t\t\t\t<\/div>\n\t\t<\/div>\n\t\t\t\t\t<\/div>\n\t\t<\/section>\n\t\t\t\t<div class=\"elementor-element elementor-element-1b1fcc9e elementor-widget elementor-widget-spacer\" data-id=\"1b1fcc9e\" data-element_type=\"widget\" data-e-type=\"widget\" data-widget_type=\"spacer.default\">\n\t\t\t\t<div class=\"elementor-widget-container\">\n\t\t\t\t\t\t\t<div class=\"elementor-spacer\">\n\t\t\t<div class=\"elementor-spacer-inner\"><\/div>\n\t\t<\/div>\n\t\t\t\t\t\t<\/div>\n\t\t\t\t<\/div>\n\t\t\t\t\t<\/div>\n\t\t<\/div>\n\t\t\t\t\t<\/div>\n\t\t<\/section>\n\t\t\t\t<section class=\"elementor-section elementor-top-section elementor-element elementor-element-149b8098 elementor-section-stretched elementor-section-full_width elementor-section-height-min-height elementor-section-content-top elementor-section-height-default elementor-section-items-middle\" data-id=\"149b8098\" data-element_type=\"section\" data-e-type=\"section\" data-settings=\"{&quot;stretch_section&quot;:&quot;section-stretched&quot;,&quot;background_background&quot;:&quot;classic&quot;}\">\n\t\t\t\t\t\t<div class=\"elementor-container elementor-column-gap-default\">\n\t\t\t\t\t<div class=\"elementor-column elementor-col-100 elementor-top-column elementor-element elementor-element-79be3849\" data-id=\"79be3849\" data-element_type=\"column\" data-e-type=\"column\">\n\t\t\t<div class=\"elementor-widget-wrap\">\n\t\t\t\t\t\t\t<\/div>\n\t\t<\/div>\n\t\t\t\t\t<\/div>\n\t\t<\/section>\n\t\t\t\t<section class=\"elementor-section elementor-top-section elementor-element elementor-element-7558be9 elementor-section-boxed elementor-section-height-default elementor-section-height-default\" data-id=\"7558be9\" data-element_type=\"section\" data-e-type=\"section\">\n\t\t\t\t\t\t<div class=\"elementor-container elementor-column-gap-default\">\n\t\t\t\t\t<div class=\"elementor-column elementor-col-100 elementor-top-column elementor-element elementor-element-339f48d\" data-id=\"339f48d\" data-element_type=\"column\" data-e-type=\"column\">\n\t\t\t<div class=\"elementor-widget-wrap elementor-element-populated\">\n\t\t\t\t\t\t<div class=\"elementor-element elementor-element-d9655bd elementor-widget elementor-widget-spacer\" data-id=\"d9655bd\" data-element_type=\"widget\" data-e-type=\"widget\" data-widget_type=\"spacer.default\">\n\t\t\t\t<div class=\"elementor-widget-container\">\n\t\t\t\t\t\t\t<div class=\"elementor-spacer\">\n\t\t\t<div class=\"elementor-spacer-inner\"><\/div>\n\t\t<\/div>\n\t\t\t\t\t\t<\/div>\n\t\t\t\t<\/div>\n\t\t\t\t<div class=\"elementor-element elementor-element-764f1e6 elementor-widget elementor-widget-text-editor\" data-id=\"764f1e6\" data-element_type=\"widget\" data-e-type=\"widget\" data-widget_type=\"text-editor.default\">\n\t\t\t\t<div class=\"elementor-widget-container\">\n\t\t\t\t\t\t\t\t\t<p>Accedendo a questo sito web l&#8217;utente accetta le seguenti condizioni di utilizzo. In caso contrario si prega di non proseguire la consultazione delle altre pagine del sito web CROCE &amp; Associ\u00e9s.<\/p>\n<p>Il sito web CROCE &amp; Associ\u00e9s e tutte le informazioni e funzioni ivi contenute non sono destinati a chiunque risieda o si trovi in giurisdizioni in cui (1) la diffusione di tali informazioni o funzioni \u00e8 contraria alle leggi in vigore oppure (2) \u00e8 soggetta all&#8217;ottenimento di licenze o autorizzazioni di cui CROCE &amp; Associ\u00e9s non dispone.<\/p>\n<p>Le informazioni contenute nel sito web CROCE &amp; Associ\u00e9s sono fornite unicamente a titolo informativo e qualsiasi loro utilizzazione avviene a rischio e pericolo degli utenti. In ogni caso, gli utenti del sito dovranno chiedere sistematicamente delle consulenze giuridiche personalizzate prima di prendere qualsiasi decisione o intraprendere qualsiasi azione. In ogni caso, i documenti e le informazioni disponibili sul sito web non tengono conto della situazione personale, anche finanziaria, o delle particolari esigenze di uno specifico destinatario.<\/p>\n<p>Nessuna informazione pubblicata sul sito web CROCE &amp; Associ\u00e9s costituisce un incentivo, un&#8217;offerta o una raccomandazione per la realizzazione di servizi o la stipula di un qualsiasi atto giuridico. Se non diversamente ed espressamente indicato, i prezzi sono riportati a titolo puramente indicativo.<\/p>\n<p>Anche se i dati vengono costantemente verificati e aggiornati, CROCE &amp; Associ\u00e9s declina ogni responsabilit\u00e0 in merito all&#8217;esattezza delle informazioni fornite sul sito <a href=\"http:\/\/www.croce-associes.ch\">www.croce-associes.ch<\/a>. In particolare, non viene fornita alcuna garanzia, esplicita o implicita, in merito all&#8217;accuratezza, alla completezza o all\u2019affidabilit\u00e0 dei documenti e delle informazioni pubblicati. Tutte le opinioni sono soggette a modifiche senza preavviso e possono differire o essere contrarie alle opinioni espresse da persone diverse dall&#8217;autore. Gli avvocati dello Studio legale non sono tenuti ad aggiornare o attualizzare le informazioni contenute nel sito web.<\/p>\n<p>Gli eventuali rimandi ad altri siti Internet (link) da parte di CROCE &amp; Associ\u00e9s hanno carattere puramente informativo e non implicano che sussista una relazione giuridica tra la Societ\u00e0 e i terzi interessati. A questo proposito CROCE &amp; Associ\u00e9s declina ogni responsabilit\u00e0 in relazione al contenuto di tali siti web.<\/p>\n<p>CROCE &amp; Associ\u00e9s aggiunge, modifica, migliora e aggiorna le informazioni e i documenti sul suo sito senza preavviso. Qualsiasi modifica del sito web pu\u00f2 essere effettuata unicamente dalla Societ\u00e0 o da un terzo appositamente autorizzato.<\/p>\n<p>Il sito web di CROCE &amp; Associ\u00e9s pu\u00f2 contenere dei social bookmark, identificabili con le rispettive icone. Questi bookmark consentono agli utenti di alcuni social media di pubblicare il link di una determinata pagina del sito CROCE &amp; Associ\u00e9s sul proprio profilo nel social media, per salvarlo tra i preferiti o condividerlo con i propri contatti. Se l&#8217;utente utilizza questi bookmark, invier\u00e0 dei dati identificativi alla piattaforma del social media selezionato. Qualsiasi commento o attivit\u00e0 derivante dalla condivisione tramite bookmark non \u00e8 controllata, approvata n\u00e9 monitorata da CROCE &amp; Associ\u00e9s che declina ogni responsabilit\u00e0 in merito. Coloro che condividono le comunicazioni di CROCE &amp; Associ\u00e9s tramite social bookmark non sono autorizzati a rappresentare o a parlare a nome di CROCE &amp; Associ\u00e9s e le loro idee o opinioni devono essere considerate strettamente personali ed estranee allo Studio legale. Inoltre, le disposizioni contenute nella sezione Link delle presenti condizioni di utilizzo sono valide anche per i social bookmark.<\/p>\n<p>Le informazioni e i testi contenuti in questo sito web vengono messi gratuitamente a disposizione degli utenti ma restano tutelati dal copyright. CROCE &amp; Associ\u00e9s, o il rispettivo terzo proprietario, si riserva tutti i diritti, titoli e interessi su tutte le informazioni e tutti i contenuti (inclusi testi, dati, grafici e simboli) pubblicati nel sito web CROCE &amp; Associ\u00e9s. Gli utenti del sito Internet possono scaricare e conservare temporaneamente sul loro personal computer, a scopo di lettura, le informazioni riguardanti la Societ\u00e0.<\/p>\n<p>Le singole pagine e\/o sezioni del sito web CROCE &amp; Associ\u00e9s possono essere stampate per uso esclusivamente personale o interno, a condizione che le stampe conservino tutte le informazioni relative al copyright o ad altri diritti di propriet\u00e0. Agli utenti del sito web CROCE &amp; Associ\u00e9s \u00e8 fatto segnatamente divieto, senza che la seguente lista sia esaustiva, di modificare, copiare, trasmettere, distribuire, visualizzare, eseguire, riprodurre, pubblicare, utilizzare sotto licenza, utilizzare come frame, creare opere derivate o in qualsiasi altro modo per scopi commerciali o pubblici le informazioni, i testi, i grafici, le immagini, i videoclip, le directory, i database, gli elenchi o i programmi ricavati dal sito web CROCE &amp; Associ\u00e9s, in tutto o in parte, senza il preliminare consenso scritto dello Studio legale. \u00c8 vietato copiare sistematicamente i contenuti del sito web CROCE &amp; Associ\u00e9s per creare o sintetizzare, direttamente o indirettamente, raccolte, compilazioni, database o rubriche (per mezzo di robot, spider, dispositivi automatici o processi manuali) o per creare link verso il sito web CROCE &amp; Associ\u00e9s senza il preliminare consenso scritto dello Studio legale.<\/p>\n<p>In ragione delle particolarit\u00e0 inerenti all\u2019uso di Internet, la sicurezza degli scambi di messaggi di posta elettronica non pu\u00f2 essere garantita. CROCE &amp; Associ\u00e9s declina pertanto ogni responsabilit\u00e0 relativamente all&#8217;uso della messaggeria elettronica e non potr\u00e0 essere accusata di violazione del segreto professionale in caso di dolo di terzi o di errori di trasmissione. Si raccomanda pertanto di comunicare con CROCE &amp; Associ\u00e9s SA utilizzando un canale sicuro come la nostra piattaforma di scambio di documenti.<\/p>\n<p>Nei limiti di legge, CROCE &amp; Associ\u00e9s declina ogni responsabilit\u00e0 sua, dei suoi amministratori, avvocati, impiegati e agenti nei confronti di chiunque per ogni eventuale perdita diretta o indiretta, costo, pretesa, esborso o danno di qualsiasi natura, contrattuale o delittuoso, compresa la negligenza, derivante da o legato all&#8217;uso delle pagine del sito web CROCE &amp; Associ\u00e9s, anche qualora CROCE &amp; Associ\u00e9s sia stata informata di tale eventualit\u00e0.<\/p>\n<p>Infine, si invita l&#8217;utente a leggere la nostra informativa <a href=\"https:\/\/croce-associes.ch\/it\/politica-sulla-privacy\/\">sulla privacy<\/a>.<\/p>\n<p>Per qualsiasi domanda, inviare un&#8217;e-mail al seguente indirizzo: <a href=\"mailto:info@croce-associes.ch\">info@croce-associes.ch<\/a>.<\/p>\n<p><em>Ultimo aggiornamento: aprile 2019<\/em><\/p>\n\t\t\t\t\t\t\t\t<\/div>\n\t\t\t\t<\/div>\n\t\t\t\t\t<\/div>\n\t\t<\/div>\n\t\t\t\t\t<\/div>\n\t\t<\/section>\n\t\t\t\t<\/div>\n\t\t","protected":false},"excerpt":{"rendered":"<p>Accedendo a questo sito web l&#8217;utente accetta le seguenti condizioni di utilizzo. In caso contrario si prega di non proseguire la consultazione delle altre pagine del sito web CROCE &amp; Associ\u00e9s. Il sito web CROCE &amp; Associ\u00e9s e tutte le informazioni e funzioni ivi contenute non sono destinati a chiunque risieda o si trovi in [&hellip;]<\/p>\n","protected":false},"author":1,"featured_media":0,"parent":0,"menu_order":0,"comment_status":"closed","ping_status":"closed","template":"","meta":{"_mo_disable_npp":"","site-sidebar-layout":"no-sidebar","site-content-layout":"page-builder","ast-site-content-layout":"default","site-content-style":"default","site-sidebar-style":"default","ast-global-header-display":"","ast-banner-title-visibility":"","ast-main-header-display":"","ast-hfb-above-header-display":"","ast-hfb-below-header-display":"","ast-hfb-mobile-header-display":"","site-post-title":"disabled","ast-breadcrumbs-content":"","ast-featured-img":"disabled","footer-sml-layout":"","ast-disable-related-posts":"","theme-transparent-header-meta":"default","adv-header-id-meta":"","stick-header-meta":"default","header-above-stick-meta":"","header-main-stick-meta":"","header-below-stick-meta":"","astra-migrate-meta-layouts":"default","ast-page-background-enabled":"default","ast-page-background-meta":{"desktop":{"background-color":"","background-image":"","background-repeat":"repeat","background-position":"center center","background-size":"auto","background-attachment":"scroll","background-type":"","background-media":"","overlay-type":"","overlay-color":"","overlay-opacity":"","overlay-gradient":""},"tablet":{"background-color":"","background-image":"","background-repeat":"repeat","background-position":"center center","background-size":"auto","background-attachment":"scroll","background-type":"","background-media":"","overlay-type":"","overlay-color":"","overlay-opacity":"","overlay-gradient":""},"mobile":{"background-color":"","background-image":"","background-repeat":"repeat","background-position":"center center","background-size":"auto","background-attachment":"scroll","background-type":"","background-media":"","overlay-type":"","overlay-color":"","overlay-opacity":"","overlay-gradient":""}},"ast-content-background-meta":{"desktop":{"background-color":"var(--ast-global-color-5)","background-image":"","background-repeat":"repeat","background-position":"center center","background-size":"auto","background-attachment":"scroll","background-type":"","background-media":"","overlay-type":"","overlay-color":"","overlay-opacity":"","overlay-gradient":""},"tablet":{"background-color":"var(--ast-global-color-5)","background-image":"","background-repeat":"repeat","background-position":"center center","background-size":"auto","background-attachment":"scroll","background-type":"","background-media":"","overlay-type":"","overlay-color":"","overlay-opacity":"","overlay-gradient":""},"mobile":{"background-color":"var(--ast-global-color-5)","background-image":"","background-repeat":"repeat","background-position":"center center","background-size":"auto","background-attachment":"scroll","background-type":"","background-media":"","overlay-type":"","overlay-color":"","overlay-opacity":"","overlay-gradient":""}},"footnotes":""},"class_list":["post-4354","page","type-page","status-publish","hentry"],"yoast_head":"<!-- This site is optimized with the Yoast SEO Premium plugin v27.2 (Yoast SEO v27.2) - https:\/\/yoast.com\/product\/yoast-seo-premium-wordpress\/ -->\n<title>Condizioni di utilizzo - Croce &amp; Associ\u00e9s SA<\/title>\n<meta name=\"description\" content=\"Qui \u00e8 disponibile una panoramica di tutte le condizioni di utilizzo del nostro Studio legale di Ginevra.\" \/>\n<meta name=\"robots\" content=\"index, follow, max-snippet:-1, max-image-preview:large, max-video-preview:-1\" \/>\n<link rel=\"canonical\" href=\"https:\/\/croce-associes.ch\/conditions-generales-avocats\/\" \/>\n<meta property=\"og:locale\" content=\"it_IT\" \/>\n<meta property=\"og:type\" content=\"article\" \/>\n<meta property=\"og:title\" content=\"Condizioni di utilizzo\" \/>\n<meta property=\"og:description\" content=\"Qui \u00e8 disponibile una panoramica di tutte le condizioni di utilizzo del nostro Studio legale di Ginevra.\" \/>\n<meta property=\"og:url\" content=\"https:\/\/croce-associes.ch\/conditions-generales-avocats\/\" \/>\n<meta property=\"og:site_name\" content=\"Croce &amp; Associ\u00e9s SA\" \/>\n<meta property=\"article:modified_time\" content=\"2024-02-29T08:11:20+00:00\" \/>\n<meta name=\"twitter:card\" content=\"summary_large_image\" \/>\n<meta name=\"twitter:label1\" content=\"Tempo di lettura stimato\" \/>\n\t<meta name=\"twitter:data1\" content=\"5 minuti\" \/>\n<script type=\"application\/ld+json\" class=\"yoast-schema-graph\">{\"@context\":\"https:\/\/schema.org\",\"@graph\":[{\"@type\":\"WebPage\",\"@id\":\"https:\/\/croce-associes.ch\/conditions-generales-avocats\/\",\"url\":\"https:\/\/croce-associes.ch\/conditions-generales-avocats\/\",\"name\":\"Condizioni di utilizzo - Croce &amp; Associ\u00e9s SA\",\"isPartOf\":{\"@id\":\"https:\/\/croce-associes.ch\/#website\"},\"datePublished\":\"2019-10-24T08:44:44+00:00\",\"dateModified\":\"2024-02-29T08:11:20+00:00\",\"description\":\"Qui \u00e8 disponibile una panoramica di tutte le condizioni di utilizzo del nostro Studio legale di Ginevra.\",\"breadcrumb\":{\"@id\":\"https:\/\/croce-associes.ch\/conditions-generales-avocats\/#breadcrumb\"},\"inLanguage\":\"it-IT\",\"potentialAction\":[{\"@type\":\"ReadAction\",\"target\":[\"https:\/\/croce-associes.ch\/conditions-generales-avocats\/\"]}]},{\"@type\":\"BreadcrumbList\",\"@id\":\"https:\/\/croce-associes.ch\/conditions-generales-avocats\/#breadcrumb\",\"itemListElement\":[{\"@type\":\"ListItem\",\"position\":1,\"name\":\"Accueil\",\"item\":\"https:\/\/croce-associes.ch\/it\/\"},{\"@type\":\"ListItem\",\"position\":2,\"name\":\"Condizioni di utilizzo\"}]},{\"@type\":\"WebSite\",\"@id\":\"https:\/\/croce-associes.ch\/#website\",\"url\":\"https:\/\/croce-associes.ch\/\",\"name\":\"Croce &amp; Associ\u00e9s SA\",\"description\":\"\",\"publisher\":{\"@id\":\"https:\/\/croce-associes.ch\/#organization\"},\"potentialAction\":[{\"@type\":\"SearchAction\",\"target\":{\"@type\":\"EntryPoint\",\"urlTemplate\":\"https:\/\/croce-associes.ch\/?s={search_term_string}\"},\"query-input\":{\"@type\":\"PropertyValueSpecification\",\"valueRequired\":true,\"valueName\":\"search_term_string\"}}],\"inLanguage\":\"it-IT\"},{\"@type\":\"Organization\",\"@id\":\"https:\/\/croce-associes.ch\/#organization\",\"name\":\"CROCE & Associ\u00e9s SA\",\"url\":\"https:\/\/croce-associes.ch\/\",\"logo\":{\"@type\":\"ImageObject\",\"inLanguage\":\"it-IT\",\"@id\":\"https:\/\/croce-associes.ch\/#\/schema\/logo\/image\/\",\"url\":\"https:\/\/croce-associes.ch\/wp-content\/uploads\/2019\/01\/CRO_Logo_Top_464x84.png\",\"contentUrl\":\"https:\/\/croce-associes.ch\/wp-content\/uploads\/2019\/01\/CRO_Logo_Top_464x84.png\",\"width\":464,\"height\":84,\"caption\":\"CROCE & Associ\u00e9s SA\"},\"image\":{\"@id\":\"https:\/\/croce-associes.ch\/#\/schema\/logo\/image\/\"}}]}<\/script>\n<!-- \/ Yoast SEO Premium plugin. -->","yoast_head_json":{"title":"Condizioni di utilizzo - Croce &amp; Associ\u00e9s SA","description":"Qui \u00e8 disponibile una panoramica di tutte le condizioni di utilizzo del nostro Studio legale di Ginevra.","robots":{"index":"index","follow":"follow","max-snippet":"max-snippet:-1","max-image-preview":"max-image-preview:large","max-video-preview":"max-video-preview:-1"},"canonical":"https:\/\/croce-associes.ch\/conditions-generales-avocats\/","og_locale":"it_IT","og_type":"article","og_title":"Condizioni di utilizzo","og_description":"Qui \u00e8 disponibile una panoramica di tutte le condizioni di utilizzo del nostro Studio legale di Ginevra.","og_url":"https:\/\/croce-associes.ch\/conditions-generales-avocats\/","og_site_name":"Croce &amp; Associ\u00e9s SA","article_modified_time":"2024-02-29T08:11:20+00:00","twitter_card":"summary_large_image","twitter_misc":{"Tempo di lettura stimato":"5 minuti"},"schema":{"@context":"https:\/\/schema.org","@graph":[{"@type":"WebPage","@id":"https:\/\/croce-associes.ch\/conditions-generales-avocats\/","url":"https:\/\/croce-associes.ch\/conditions-generales-avocats\/","name":"Condizioni di utilizzo - Croce &amp; Associ\u00e9s SA","isPartOf":{"@id":"https:\/\/croce-associes.ch\/#website"},"datePublished":"2019-10-24T08:44:44+00:00","dateModified":"2024-02-29T08:11:20+00:00","description":"Qui \u00e8 disponibile una panoramica di tutte le condizioni di utilizzo del nostro Studio legale di Ginevra.","breadcrumb":{"@id":"https:\/\/croce-associes.ch\/conditions-generales-avocats\/#breadcrumb"},"inLanguage":"it-IT","potentialAction":[{"@type":"ReadAction","target":["https:\/\/croce-associes.ch\/conditions-generales-avocats\/"]}]},{"@type":"BreadcrumbList","@id":"https:\/\/croce-associes.ch\/conditions-generales-avocats\/#breadcrumb","itemListElement":[{"@type":"ListItem","position":1,"name":"Accueil","item":"https:\/\/croce-associes.ch\/it\/"},{"@type":"ListItem","position":2,"name":"Condizioni di utilizzo"}]},{"@type":"WebSite","@id":"https:\/\/croce-associes.ch\/#website","url":"https:\/\/croce-associes.ch\/","name":"Croce &amp; Associ\u00e9s SA","description":"","publisher":{"@id":"https:\/\/croce-associes.ch\/#organization"},"potentialAction":[{"@type":"SearchAction","target":{"@type":"EntryPoint","urlTemplate":"https:\/\/croce-associes.ch\/?s={search_term_string}"},"query-input":{"@type":"PropertyValueSpecification","valueRequired":true,"valueName":"search_term_string"}}],"inLanguage":"it-IT"},{"@type":"Organization","@id":"https:\/\/croce-associes.ch\/#organization","name":"CROCE & Associ\u00e9s SA","url":"https:\/\/croce-associes.ch\/","logo":{"@type":"ImageObject","inLanguage":"it-IT","@id":"https:\/\/croce-associes.ch\/#\/schema\/logo\/image\/","url":"https:\/\/croce-associes.ch\/wp-content\/uploads\/2019\/01\/CRO_Logo_Top_464x84.png","contentUrl":"https:\/\/croce-associes.ch\/wp-content\/uploads\/2019\/01\/CRO_Logo_Top_464x84.png","width":464,"height":84,"caption":"CROCE & Associ\u00e9s SA"},"image":{"@id":"https:\/\/croce-associes.ch\/#\/schema\/logo\/image\/"}}]}},"_links":{"self":[{"href":"https:\/\/croce-associes.ch\/it\/wp-json\/wp\/v2\/pages\/4354","targetHints":{"allow":["GET"]}}],"collection":[{"href":"https:\/\/croce-associes.ch\/it\/wp-json\/wp\/v2\/pages"}],"about":[{"href":"https:\/\/croce-associes.ch\/it\/wp-json\/wp\/v2\/types\/page"}],"author":[{"embeddable":true,"href":"https:\/\/croce-associes.ch\/it\/wp-json\/wp\/v2\/users\/1"}],"replies":[{"embeddable":true,"href":"https:\/\/croce-associes.ch\/it\/wp-json\/wp\/v2\/comments?post=4354"}],"version-history":[{"count":10,"href":"https:\/\/croce-associes.ch\/it\/wp-json\/wp\/v2\/pages\/4354\/revisions"}],"predecessor-version":[{"id":7156,"href":"https:\/\/croce-associes.ch\/it\/wp-json\/wp\/v2\/pages\/4354\/revisions\/7156"}],"wp:attachment":[{"href":"https:\/\/croce-associes.ch\/it\/wp-json\/wp\/v2\/media?parent=4354"}],"curies":[{"name":"wp","href":"https:\/\/api.w.org\/{rel}","templated":true}]}}