{"id":4057,"date":"2019-07-23T15:31:56","date_gmt":"2019-07-23T13:31:56","guid":{"rendered":"https:\/\/croce-associes.ch\/?page_id=4057"},"modified":"2024-02-29T08:58:28","modified_gmt":"2024-02-29T07:58:28","slug":"franco-n-croce","status":"publish","type":"page","link":"https:\/\/croce-associes.ch\/en\/franco-n-croce\/","title":{"rendered":"Franco N. CROCE"},"content":{"rendered":"\t\t<div data-elementor-type=\"wp-post\" data-elementor-id=\"4057\" class=\"elementor elementor-4057 elementor-793\" data-elementor-post-type=\"page\">\n\t\t\t\t\t\t<section class=\"elementor-section elementor-top-section elementor-element elementor-element-39c21f0 elementor-section-full_width elementor-section-height-default elementor-section-height-default\" data-id=\"39c21f0\" data-element_type=\"section\" data-e-type=\"section\" data-settings=\"{&quot;background_background&quot;:&quot;classic&quot;}\">\n\t\t\t\t\t\t<div class=\"elementor-container elementor-column-gap-no\">\n\t\t\t\t\t<div class=\"elementor-column elementor-col-100 elementor-top-column elementor-element elementor-element-7b03931\" data-id=\"7b03931\" data-element_type=\"column\" data-e-type=\"column\">\n\t\t\t<div class=\"elementor-widget-wrap elementor-element-populated\">\n\t\t\t\t\t\t<div class=\"elementor-element elementor-element-be93c5f elementor-widget elementor-widget-spacer\" data-id=\"be93c5f\" data-element_type=\"widget\" data-e-type=\"widget\" data-widget_type=\"spacer.default\">\n\t\t\t\t<div class=\"elementor-widget-container\">\n\t\t\t\t\t\t\t<div class=\"elementor-spacer\">\n\t\t\t<div class=\"elementor-spacer-inner\"><\/div>\n\t\t<\/div>\n\t\t\t\t\t\t<\/div>\n\t\t\t\t<\/div>\n\t\t\t\t<section class=\"elementor-section elementor-inner-section elementor-element elementor-element-1f0bfd1 elementor-section-boxed elementor-section-height-default elementor-section-height-default\" data-id=\"1f0bfd1\" data-element_type=\"section\" data-e-type=\"section\">\n\t\t\t\t\t\t<div class=\"elementor-container elementor-column-gap-default\">\n\t\t\t\t\t<div class=\"elementor-column elementor-col-100 elementor-inner-column elementor-element elementor-element-b688660\" data-id=\"b688660\" data-element_type=\"column\" data-e-type=\"column\">\n\t\t\t<div class=\"elementor-widget-wrap elementor-element-populated\">\n\t\t\t\t\t\t<div class=\"elementor-element elementor-element-09aa3f4 elementor-widget elementor-widget-theme-post-title elementor-page-title elementor-widget-heading\" data-id=\"09aa3f4\" data-element_type=\"widget\" data-e-type=\"widget\" data-widget_type=\"theme-post-title.default\">\n\t\t\t\t<div class=\"elementor-widget-container\">\n\t\t\t\t\t<h1 class=\"elementor-heading-title elementor-size-default\">Franco N. CROCE<\/h1>\t\t\t\t<\/div>\n\t\t\t\t<\/div>\n\t\t\t\t\t<\/div>\n\t\t<\/div>\n\t\t\t\t\t<\/div>\n\t\t<\/section>\n\t\t\t\t<div class=\"elementor-element elementor-element-38b0758 elementor-widget elementor-widget-spacer\" data-id=\"38b0758\" data-element_type=\"widget\" data-e-type=\"widget\" data-widget_type=\"spacer.default\">\n\t\t\t\t<div class=\"elementor-widget-container\">\n\t\t\t\t\t\t\t<div class=\"elementor-spacer\">\n\t\t\t<div class=\"elementor-spacer-inner\"><\/div>\n\t\t<\/div>\n\t\t\t\t\t\t<\/div>\n\t\t\t\t<\/div>\n\t\t\t\t\t<\/div>\n\t\t<\/div>\n\t\t\t\t\t<\/div>\n\t\t<\/section>\n\t\t\t\t<section class=\"elementor-section elementor-top-section elementor-element elementor-element-0c59181 elementor-section-boxed elementor-section-height-default elementor-section-height-default\" data-id=\"0c59181\" data-element_type=\"section\" data-e-type=\"section\">\n\t\t\t\t\t\t<div class=\"elementor-container elementor-column-gap-default\">\n\t\t\t\t\t<div class=\"elementor-column elementor-col-100 elementor-top-column elementor-element elementor-element-7fa9f15\" data-id=\"7fa9f15\" data-element_type=\"column\" data-e-type=\"column\">\n\t\t\t<div class=\"elementor-widget-wrap elementor-element-populated\">\n\t\t\t\t\t\t<div class=\"elementor-element elementor-element-000b48e elementor-widget elementor-widget-spacer\" data-id=\"000b48e\" data-element_type=\"widget\" data-e-type=\"widget\" data-widget_type=\"spacer.default\">\n\t\t\t\t<div class=\"elementor-widget-container\">\n\t\t\t\t\t\t\t<div class=\"elementor-spacer\">\n\t\t\t<div class=\"elementor-spacer-inner\"><\/div>\n\t\t<\/div>\n\t\t\t\t\t\t<\/div>\n\t\t\t\t<\/div>\n\t\t\t\t\t<\/div>\n\t\t<\/div>\n\t\t\t\t\t<\/div>\n\t\t<\/section>\n\t\t\t\t<section class=\"elementor-section elementor-top-section elementor-element elementor-element-40c482d elementor-section-boxed elementor-section-height-default elementor-section-height-default\" data-id=\"40c482d\" data-element_type=\"section\" data-e-type=\"section\">\n\t\t\t\t\t\t<div class=\"elementor-container elementor-column-gap-default\">\n\t\t\t\t\t<div class=\"elementor-column elementor-col-33 elementor-top-column elementor-element elementor-element-a6d1116\" data-id=\"a6d1116\" data-element_type=\"column\" data-e-type=\"column\">\n\t\t\t<div class=\"elementor-widget-wrap elementor-element-populated\">\n\t\t\t\t\t\t<div class=\"elementor-element elementor-element-a7b01ed elementor-widget elementor-widget-image\" data-id=\"a7b01ed\" data-element_type=\"widget\" data-e-type=\"widget\" data-widget_type=\"image.default\">\n\t\t\t\t<div class=\"elementor-widget-container\">\n\t\t\t\t\t\t\t\t\t\t\t\t\t\t\t<img fetchpriority=\"high\" decoding=\"async\" width=\"800\" height=\"1024\" src=\"https:\/\/croce-associes.ch\/wp-content\/uploads\/2019\/04\/Franco-Croce1024x800.jpg\" class=\"attachment-full size-full wp-image-1563\" alt=\"Franco N. CROCE assiste et conseille ses clients \u00e0 Gen\u00e8ve en fran\u00e7ais, en italien, en anglais et en allemand.\" srcset=\"https:\/\/croce-associes.ch\/wp-content\/uploads\/2019\/04\/Franco-Croce1024x800.jpg 800w, https:\/\/croce-associes.ch\/wp-content\/uploads\/2019\/04\/Franco-Croce1024x800-234x300.jpg 234w, https:\/\/croce-associes.ch\/wp-content\/uploads\/2019\/04\/Franco-Croce1024x800-768x983.jpg 768w\" sizes=\"(max-width: 800px) 100vw, 800px\" \/>\t\t\t\t\t\t\t\t\t\t\t\t\t\t\t<\/div>\n\t\t\t\t<\/div>\n\t\t\t\t<div class=\"elementor-element elementor-element-a500567 elementor-widget elementor-widget-text-editor\" data-id=\"a500567\" data-element_type=\"widget\" data-e-type=\"widget\" data-widget_type=\"text-editor.default\">\n\t\t\t\t<div class=\"elementor-widget-container\">\n\t\t\t\t\t\t\t\t\t<div class=\"details-avocat\">\n<h3>Details<\/h3>\n<div class=\"details-avocat-ligne\"><span class=\"details-avocat-title\">Business card<\/span><span class=\"details-avocat-data\"><a href=\"\/contacts\/CRO_Contact_FRC.vcf\">Download<\/a><\/span><\/div>\n<div class=\"details-avocat-ligne\"><span class=\"details-avocat-title\">Email<\/span><span class=\"details-avocat-data\"><a href=\"mailto:f.croce@croce-associes.ch\">f.croce@croce-associes.ch<\/a><\/span><\/div>\n<div class=\"details-avocat-ligne\"><span class=\"details-avocat-title\">Membre of<\/span><span class=\"details-avocat-data\"><span class=\"details-avocat-data\"><span class=\"details-avocat-data\"><span style=\"font-size: 14px;\">the <\/span><a style=\"font-size: 14px; background-color: #ffffff;\" href=\"https:\/\/www.odage.ch\/\">Geneva Bar Association<\/a><span style=\"font-size: 14px;\">, the <\/span><a style=\"font-size: 14px; background-color: #ffffff;\" href=\"https:\/\/www.sav-fsa.ch\/en\/home.html\">Swiss Bar Association<\/a><span style=\"font-size: 14px;\">, the <\/span><a style=\"font-size: 14px; background-color: #ffffff;\" href=\"http:\/\/www.sro-sav-snv.ch\/fr\/\">Self-Regulatory Organisation of the Swiss Bar Association and the Swiss Notaries Association<\/a><span style=\"font-size: 14px;\">, the <\/span><a style=\"font-size: 14px; background-color: #ffffff;\" href=\"https:\/\/www.ifa-switzerland.ch\/fr\/home.html\">International Fiscal Association<\/a><span style=\"font-size: 14px;\"> and the <\/span><a style=\"font-size: 14px; background-color: #ffffff;\" href=\"https:\/\/www.arbitration-ch.org\/en\/home\/index.html\">Swiss Arbitration Association<\/a><span style=\"font-size: 16px;\">.<\/span>\n<\/span><\/span><\/span><\/div>\n<\/div>\t\t\t\t\t\t\t\t<\/div>\n\t\t\t\t<\/div>\n\t\t\t\t\t<\/div>\n\t\t<\/div>\n\t\t\t\t<div class=\"elementor-column elementor-col-66 elementor-top-column elementor-element elementor-element-8b70211\" data-id=\"8b70211\" data-element_type=\"column\" data-e-type=\"column\">\n\t\t\t<div class=\"elementor-widget-wrap elementor-element-populated\">\n\t\t\t\t\t\t<div class=\"elementor-element elementor-element-5802d5c elementor-widget elementor-widget-text-editor\" data-id=\"5802d5c\" data-element_type=\"widget\" data-e-type=\"widget\" data-widget_type=\"text-editor.default\">\n\t\t\t\t<div class=\"elementor-widget-container\">\n\t\t\t\t\t\t\t\t\t<p>Franco N. CROCE was born in 1952 in Basel. After completing his schooling in Lugano, he studied at the University of Geneva where he obtained his law degree and subsequently passed his bar exam in 1978.<\/p>\n<p>He then joined the legal department of the bank Paribas, where he specialised in legal issues relating to international trade financing.<\/p>\n<p>Subsequently, Franco N. CROCE developed his career within various law firms in Geneva and finally became independent in 1981 (Etude de Me Franco N. CROCE).<\/p>\n<p>In January 2011, Franco N. CROCE, Manuela ROBUTTI-CROCE and Lorenzo CROCE formed a partnership to create CROCE &amp; Associ\u00e9s SA. Since 2013, Franco N. CROCE is also registered as a foreign lawyer in Singapore.<\/p>\n<p>In addition to his traditional legal experience, Franco N. CROCE has extensive experience in the financial sector especially in asset and capital management.<\/p>\n<p>He was the President of a Swiss bank and sat on the board of directors of various Swiss and foreign financial and industrial companies, including a major oil group.<\/p>\n<p>Franco N. CROCE specialises in banking and financial law, company law, stock exchange law, securities law, tax law and commercial arbitration. He works in French, Italian, German and English.<\/p>\n<p>Franco N. CROCE is a member of the Geneva Bar Association, the Swiss Bar Association, the Self-Regulatory Organisation of the Swiss Bar Association and the Swiss Notaries Association, the International Fiscal Association and the Swiss Arbitration Association.<\/p>\n\t\t\t\t\t\t\t\t<\/div>\n\t\t\t\t<\/div>\n\t\t\t\t\t<\/div>\n\t\t<\/div>\n\t\t\t\t\t<\/div>\n\t\t<\/section>\n\t\t\t\t<section class=\"elementor-section elementor-top-section elementor-element elementor-element-dfa4dda elementor-section-boxed elementor-section-height-default elementor-section-height-default\" data-id=\"dfa4dda\" data-element_type=\"section\" data-e-type=\"section\">\n\t\t\t\t\t\t<div class=\"elementor-container elementor-column-gap-default\">\n\t\t\t\t\t<div class=\"elementor-column elementor-col-100 elementor-top-column elementor-element elementor-element-7d6cac0\" data-id=\"7d6cac0\" data-element_type=\"column\" data-e-type=\"column\">\n\t\t\t<div class=\"elementor-widget-wrap elementor-element-populated\">\n\t\t\t\t\t\t<div class=\"elementor-element elementor-element-ae88401 elementor-widget elementor-widget-spacer\" data-id=\"ae88401\" data-element_type=\"widget\" data-e-type=\"widget\" data-widget_type=\"spacer.default\">\n\t\t\t\t<div class=\"elementor-widget-container\">\n\t\t\t\t\t\t\t<div class=\"elementor-spacer\">\n\t\t\t<div class=\"elementor-spacer-inner\"><\/div>\n\t\t<\/div>\n\t\t\t\t\t\t<\/div>\n\t\t\t\t<\/div>\n\t\t\t\t\t<\/div>\n\t\t<\/div>\n\t\t\t\t\t<\/div>\n\t\t<\/section>\n\t\t\t\t<\/div>\n\t\t","protected":false},"excerpt":{"rendered":"<p>Details Business cardDownload Emailf.croce@croce-associes.ch Membre ofthe Geneva Bar Association, the Swiss Bar Association, the Self-Regulatory Organisation of the Swiss Bar Association and the Swiss Notaries Association, the International Fiscal Association and the Swiss Arbitration Association. Franco N. CROCE was born in 1952 in Basel. After completing his schooling in Lugano, he studied at the University [&hellip;]<\/p>\n","protected":false},"author":1,"featured_media":0,"parent":0,"menu_order":0,"comment_status":"closed","ping_status":"closed","template":"","meta":{"_mo_disable_npp":"","site-sidebar-layout":"no-sidebar","site-content-layout":"page-builder","ast-site-content-layout":"default","site-content-style":"default","site-sidebar-style":"default","ast-global-header-display":"","ast-banner-title-visibility":"","ast-main-header-display":"","ast-hfb-above-header-display":"","ast-hfb-below-header-display":"","ast-hfb-mobile-header-display":"","site-post-title":"disabled","ast-breadcrumbs-content":"","ast-featured-img":"disabled","footer-sml-layout":"","ast-disable-related-posts":"","theme-transparent-header-meta":"default","adv-header-id-meta":"","stick-header-meta":"default","header-above-stick-meta":"","header-main-stick-meta":"","header-below-stick-meta":"","astra-migrate-meta-layouts":"default","ast-page-background-enabled":"default","ast-page-background-meta":{"desktop":{"background-color":"","background-image":"","background-repeat":"repeat","background-position":"center center","background-size":"auto","background-attachment":"scroll","background-type":"","background-media":"","overlay-type":"","overlay-color":"","overlay-opacity":"","overlay-gradient":""},"tablet":{"background-color":"","background-image":"","background-repeat":"repeat","background-position":"center center","background-size":"auto","background-attachment":"scroll","background-type":"","background-media":"","overlay-type":"","overlay-color":"","overlay-opacity":"","overlay-gradient":""},"mobile":{"background-color":"","background-image":"","background-repeat":"repeat","background-position":"center center","background-size":"auto","background-attachment":"scroll","background-type":"","background-media":"","overlay-type":"","overlay-color":"","overlay-opacity":"","overlay-gradient":""}},"ast-content-background-meta":{"desktop":{"background-color":"var(--ast-global-color-5)","background-image":"","background-repeat":"repeat","background-position":"center center","background-size":"auto","background-attachment":"scroll","background-type":"","background-media":"","overlay-type":"","overlay-color":"","overlay-opacity":"","overlay-gradient":""},"tablet":{"background-color":"var(--ast-global-color-5)","background-image":"","background-repeat":"repeat","background-position":"center center","background-size":"auto","background-attachment":"scroll","background-type":"","background-media":"","overlay-type":"","overlay-color":"","overlay-opacity":"","overlay-gradient":""},"mobile":{"background-color":"var(--ast-global-color-5)","background-image":"","background-repeat":"repeat","background-position":"center center","background-size":"auto","background-attachment":"scroll","background-type":"","background-media":"","overlay-type":"","overlay-color":"","overlay-opacity":"","overlay-gradient":""}},"footnotes":""},"class_list":["post-4057","page","type-page","status-publish","hentry"],"yoast_head":"<!-- This site is optimized with the Yoast SEO Premium plugin v27.2 (Yoast SEO v27.2) - https:\/\/yoast.com\/product\/yoast-seo-premium-wordpress\/ -->\n<title>Croce &amp; Associ\u00e9s SA - Franco N. CROCE<\/title>\n<meta name=\"description\" content=\"Franco N. CROCE is a Swiss lawyer registered at the Geneva and Singapore Bar, specializing in banking and finance law.\" \/>\n<meta name=\"robots\" content=\"index, follow, max-snippet:-1, max-image-preview:large, max-video-preview:-1\" \/>\n<link rel=\"canonical\" href=\"https:\/\/croce-associes.ch\/avocat-franco-n-croce\/\" \/>\n<meta property=\"og:locale\" content=\"en_US\" \/>\n<meta property=\"og:type\" content=\"article\" \/>\n<meta property=\"og:title\" content=\"Franco N. CROCE\" \/>\n<meta property=\"og:description\" content=\"Franco N. CROCE is a Swiss lawyer registered at the Geneva and Singapore Bar, specializing in banking and finance law.\" \/>\n<meta property=\"og:url\" content=\"https:\/\/croce-associes.ch\/avocat-franco-n-croce\/\" \/>\n<meta property=\"og:site_name\" content=\"Croce &amp; Associ\u00e9s SA\" \/>\n<meta property=\"article:modified_time\" content=\"2024-02-29T07:58:28+00:00\" \/>\n<meta property=\"og:image\" content=\"https:\/\/croce-associes.ch\/wp-content\/uploads\/2019\/04\/Franco-Croce1024x800.jpg\" \/>\n<meta name=\"twitter:card\" content=\"summary_large_image\" \/>\n<meta name=\"twitter:label1\" content=\"Est. reading time\" \/>\n\t<meta name=\"twitter:data1\" content=\"1 minute\" \/>\n<script type=\"application\/ld+json\" class=\"yoast-schema-graph\">{\"@context\":\"https:\/\/schema.org\",\"@graph\":[{\"@type\":\"WebPage\",\"@id\":\"https:\/\/croce-associes.ch\/avocat-franco-n-croce\/\",\"url\":\"https:\/\/croce-associes.ch\/avocat-franco-n-croce\/\",\"name\":\"Croce &amp; Associ\u00e9s SA - Franco N. CROCE\",\"isPartOf\":{\"@id\":\"https:\/\/croce-associes.ch\/#website\"},\"primaryImageOfPage\":{\"@id\":\"https:\/\/croce-associes.ch\/avocat-franco-n-croce\/#primaryimage\"},\"image\":{\"@id\":\"https:\/\/croce-associes.ch\/avocat-franco-n-croce\/#primaryimage\"},\"thumbnailUrl\":\"https:\/\/croce-associes.ch\/wp-content\/uploads\/2019\/04\/Franco-Croce1024x800.jpg\",\"datePublished\":\"2019-07-23T13:31:56+00:00\",\"dateModified\":\"2024-02-29T07:58:28+00:00\",\"description\":\"Franco N. CROCE is a Swiss lawyer registered at the Geneva and Singapore Bar, specializing in banking and finance law.\",\"breadcrumb\":{\"@id\":\"https:\/\/croce-associes.ch\/avocat-franco-n-croce\/#breadcrumb\"},\"inLanguage\":\"en-US\",\"potentialAction\":[{\"@type\":\"ReadAction\",\"target\":[\"https:\/\/croce-associes.ch\/avocat-franco-n-croce\/\"]}]},{\"@type\":\"ImageObject\",\"inLanguage\":\"en-US\",\"@id\":\"https:\/\/croce-associes.ch\/avocat-franco-n-croce\/#primaryimage\",\"url\":\"https:\/\/croce-associes.ch\/wp-content\/uploads\/2019\/04\/Franco-Croce1024x800.jpg\",\"contentUrl\":\"https:\/\/croce-associes.ch\/wp-content\/uploads\/2019\/04\/Franco-Croce1024x800.jpg\"},{\"@type\":\"BreadcrumbList\",\"@id\":\"https:\/\/croce-associes.ch\/avocat-franco-n-croce\/#breadcrumb\",\"itemListElement\":[{\"@type\":\"ListItem\",\"position\":1,\"name\":\"Accueil\",\"item\":\"https:\/\/croce-associes.ch\/en\/\"},{\"@type\":\"ListItem\",\"position\":2,\"name\":\"Franco N. CROCE\"}]},{\"@type\":\"WebSite\",\"@id\":\"https:\/\/croce-associes.ch\/#website\",\"url\":\"https:\/\/croce-associes.ch\/\",\"name\":\"Croce &amp; Associ\u00e9s SA\",\"description\":\"\",\"publisher\":{\"@id\":\"https:\/\/croce-associes.ch\/#organization\"},\"potentialAction\":[{\"@type\":\"SearchAction\",\"target\":{\"@type\":\"EntryPoint\",\"urlTemplate\":\"https:\/\/croce-associes.ch\/?s={search_term_string}\"},\"query-input\":{\"@type\":\"PropertyValueSpecification\",\"valueRequired\":true,\"valueName\":\"search_term_string\"}}],\"inLanguage\":\"en-US\"},{\"@type\":\"Organization\",\"@id\":\"https:\/\/croce-associes.ch\/#organization\",\"name\":\"CROCE & Associ\u00e9s SA\",\"url\":\"https:\/\/croce-associes.ch\/\",\"logo\":{\"@type\":\"ImageObject\",\"inLanguage\":\"en-US\",\"@id\":\"https:\/\/croce-associes.ch\/#\/schema\/logo\/image\/\",\"url\":\"https:\/\/croce-associes.ch\/wp-content\/uploads\/2019\/01\/CRO_Logo_Top_464x84.png\",\"contentUrl\":\"https:\/\/croce-associes.ch\/wp-content\/uploads\/2019\/01\/CRO_Logo_Top_464x84.png\",\"width\":464,\"height\":84,\"caption\":\"CROCE & Associ\u00e9s SA\"},\"image\":{\"@id\":\"https:\/\/croce-associes.ch\/#\/schema\/logo\/image\/\"}}]}<\/script>\n<!-- \/ Yoast SEO Premium plugin. -->","yoast_head_json":{"title":"Croce &amp; Associ\u00e9s SA - Franco N. CROCE","description":"Franco N. CROCE is a Swiss lawyer registered at the Geneva and Singapore Bar, specializing in banking and finance law.","robots":{"index":"index","follow":"follow","max-snippet":"max-snippet:-1","max-image-preview":"max-image-preview:large","max-video-preview":"max-video-preview:-1"},"canonical":"https:\/\/croce-associes.ch\/avocat-franco-n-croce\/","og_locale":"en_US","og_type":"article","og_title":"Franco N. CROCE","og_description":"Franco N. CROCE is a Swiss lawyer registered at the Geneva and Singapore Bar, specializing in banking and finance law.","og_url":"https:\/\/croce-associes.ch\/avocat-franco-n-croce\/","og_site_name":"Croce &amp; Associ\u00e9s SA","article_modified_time":"2024-02-29T07:58:28+00:00","og_image":[{"url":"https:\/\/croce-associes.ch\/wp-content\/uploads\/2019\/04\/Franco-Croce1024x800.jpg","type":"","width":"","height":""}],"twitter_card":"summary_large_image","twitter_misc":{"Est. reading time":"1 minute"},"schema":{"@context":"https:\/\/schema.org","@graph":[{"@type":"WebPage","@id":"https:\/\/croce-associes.ch\/avocat-franco-n-croce\/","url":"https:\/\/croce-associes.ch\/avocat-franco-n-croce\/","name":"Croce &amp; Associ\u00e9s SA - Franco N. CROCE","isPartOf":{"@id":"https:\/\/croce-associes.ch\/#website"},"primaryImageOfPage":{"@id":"https:\/\/croce-associes.ch\/avocat-franco-n-croce\/#primaryimage"},"image":{"@id":"https:\/\/croce-associes.ch\/avocat-franco-n-croce\/#primaryimage"},"thumbnailUrl":"https:\/\/croce-associes.ch\/wp-content\/uploads\/2019\/04\/Franco-Croce1024x800.jpg","datePublished":"2019-07-23T13:31:56+00:00","dateModified":"2024-02-29T07:58:28+00:00","description":"Franco N. CROCE is a Swiss lawyer registered at the Geneva and Singapore Bar, specializing in banking and finance law.","breadcrumb":{"@id":"https:\/\/croce-associes.ch\/avocat-franco-n-croce\/#breadcrumb"},"inLanguage":"en-US","potentialAction":[{"@type":"ReadAction","target":["https:\/\/croce-associes.ch\/avocat-franco-n-croce\/"]}]},{"@type":"ImageObject","inLanguage":"en-US","@id":"https:\/\/croce-associes.ch\/avocat-franco-n-croce\/#primaryimage","url":"https:\/\/croce-associes.ch\/wp-content\/uploads\/2019\/04\/Franco-Croce1024x800.jpg","contentUrl":"https:\/\/croce-associes.ch\/wp-content\/uploads\/2019\/04\/Franco-Croce1024x800.jpg"},{"@type":"BreadcrumbList","@id":"https:\/\/croce-associes.ch\/avocat-franco-n-croce\/#breadcrumb","itemListElement":[{"@type":"ListItem","position":1,"name":"Accueil","item":"https:\/\/croce-associes.ch\/en\/"},{"@type":"ListItem","position":2,"name":"Franco N. CROCE"}]},{"@type":"WebSite","@id":"https:\/\/croce-associes.ch\/#website","url":"https:\/\/croce-associes.ch\/","name":"Croce &amp; Associ\u00e9s SA","description":"","publisher":{"@id":"https:\/\/croce-associes.ch\/#organization"},"potentialAction":[{"@type":"SearchAction","target":{"@type":"EntryPoint","urlTemplate":"https:\/\/croce-associes.ch\/?s={search_term_string}"},"query-input":{"@type":"PropertyValueSpecification","valueRequired":true,"valueName":"search_term_string"}}],"inLanguage":"en-US"},{"@type":"Organization","@id":"https:\/\/croce-associes.ch\/#organization","name":"CROCE & Associ\u00e9s SA","url":"https:\/\/croce-associes.ch\/","logo":{"@type":"ImageObject","inLanguage":"en-US","@id":"https:\/\/croce-associes.ch\/#\/schema\/logo\/image\/","url":"https:\/\/croce-associes.ch\/wp-content\/uploads\/2019\/01\/CRO_Logo_Top_464x84.png","contentUrl":"https:\/\/croce-associes.ch\/wp-content\/uploads\/2019\/01\/CRO_Logo_Top_464x84.png","width":464,"height":84,"caption":"CROCE & Associ\u00e9s SA"},"image":{"@id":"https:\/\/croce-associes.ch\/#\/schema\/logo\/image\/"}}]}},"_links":{"self":[{"href":"https:\/\/croce-associes.ch\/en\/wp-json\/wp\/v2\/pages\/4057","targetHints":{"allow":["GET"]}}],"collection":[{"href":"https:\/\/croce-associes.ch\/en\/wp-json\/wp\/v2\/pages"}],"about":[{"href":"https:\/\/croce-associes.ch\/en\/wp-json\/wp\/v2\/types\/page"}],"author":[{"embeddable":true,"href":"https:\/\/croce-associes.ch\/en\/wp-json\/wp\/v2\/users\/1"}],"replies":[{"embeddable":true,"href":"https:\/\/croce-associes.ch\/en\/wp-json\/wp\/v2\/comments?post=4057"}],"version-history":[{"count":18,"href":"https:\/\/croce-associes.ch\/en\/wp-json\/wp\/v2\/pages\/4057\/revisions"}],"predecessor-version":[{"id":7084,"href":"https:\/\/croce-associes.ch\/en\/wp-json\/wp\/v2\/pages\/4057\/revisions\/7084"}],"wp:attachment":[{"href":"https:\/\/croce-associes.ch\/en\/wp-json\/wp\/v2\/media?parent=4057"}],"curies":[{"name":"wp","href":"https:\/\/api.w.org\/{rel}","templated":true}]}}